{"id":63,"date":"2009-03-14T10:42:16","date_gmt":"2009-03-14T09:42:16","guid":{"rendered":"https:\/\/vgak.info\/devwork\/?page_id=63"},"modified":"2009-03-18T18:39:18","modified_gmt":"2009-03-18T17:39:18","slug":"pristagare-2007","status":"publish","type":"page","link":"https:\/\/vgak.info\/?page_id=63","title":{"rendered":"Pristagare 2007"},"content":{"rendered":"<h1>Akademins pristagare 2007<\/h1>\n<p><img loading=\"lazy\" decoding=\"async\" class=\"alignnone\" style=\"margin: 10px;\" src=\"..\/..\/images\/pristagare2007.jpg\" alt=\"\" width=\"432\" height=\"297\" \/><\/p>\n<h2>Modern mat med tradition bel\u00f6nas<\/h2>\n<p>V\u00e4stra Gastronomiska Akademin bel\u00f6nar <strong>torsdagen den 24 maj<\/strong> ett antal personer som bidragit till \u00f6kade kunskaper och f\u00f6r\u00e4ndrade attityder till svensk matkultur.<br \/>\nPrisutdelningen f\u00f6rr\u00e4ttas av Landsh\u00f6vdingen i V\u00e4stra G\u00f6talands l\u00e4n,  <strong>G\u00f6te Bernhardsson<\/strong>, samt Akademins Preses <strong>Birgitta Rasmusson<\/strong> i samband med Akademins \u00e5rsh\u00f6gtid p\u00e5 Residenset i G\u00f6teborg<\/p>\n<h2>Akademins Stora Pris<\/h2>\n<p>Mats Nordstr\u00f6m, Restaurang Wasa All\u00e9 i G\u00f6teborg.\u00a0 Akademins motivering lyder:<\/p>\n<p><code><em>\u201dTill en kreativ matlagare, som med st\u00e4ndig str\u00e4van till f\u00f6rnyelse gett husmanskosten en v\u00e4rdig roll\u201d<\/em><\/code><br \/>\n<strong> Mats Nordstr\u00f6m<\/strong> \u00e4r f\u00f6dd och uppvuxen p\u00e5 V\u00e4stkusten och utbildade sig tidigt till kock p\u00e5 restaurangskolan Glada Fisken. Han har arbetat och h\u00e4mtat sina erfarenheter p\u00e5 bl.a. L\u00e5ngedrags V\u00e4rdshus, Gothia Hotel, The Place, Thorskogs Slott och Sj\u00f6magasinet innan han 1996 som k\u00f6kschef fick uppdraget att g\u00f6ra Fiskekrogen till Sveriges b\u00e4sta fiskrestaurang. 2005 \u00f6ppnade han sin egen verksamhet, Rest. Wasa All\u00e9, d\u00e4r han bl.a. lyft fram husmanskosten i rampljuset och v\u00e4rnar om slow food &#8211; allt under temat &#8221;Modern Medveten Mat&#8221;.<\/p>\n<p>Kontaktuppgifter:<\/p>\n<p><a href=\"http:\/\/www.wasaalle.se\/\" target=\"_blank\"><img decoding=\"async\" id=\"float_right\" src=\"..\/..\/images\/wasaalle1.jpg\" border=\"0\" alt=\"\" \/><\/a><\/p>\n<p>Mats Nordstr\u00f6m, <a href=\"http:\/\/www.wasaalle.se\/\" target=\"_blank\">Restaurang Wasa All\u00e9<\/a>,  031-131370, 0706-988150<\/p>\n<hr size=\"1\" \/>\n<h2>Akademins pris \u201dDet Goda M\u00e5let\u201d<\/h2>\n<p>F\u00f6r fj\u00e4rde g\u00e5ngen utdelas priset &#8221;Det goda m\u00e5let&#8221; med vilket Akademin vill framh\u00e4va betydelsen av att alla f\u00e5r minst ett bra och v\u00e4lsmakande lagat m\u00e5l mat om dagen. Kvalit\u00e9n p\u00e5 denna m\u00e5ltid \u00e4r lika viktig vare sig man arbetar, g\u00e5r i skolan, i \u00e4ldreboende eller v\u00e5rdas p\u00e5 sjukhus.<\/p>\n<p>Huvudsponsor f\u00f6r \u201dDet Goda M\u00e5let\u201d \u00e4r Sparbanksstiftelsen V\u00e4st.<\/p>\n<p>\u00c5rets pristagare \u00e4r Linda Martinsson, Tre Stiftelser (G\u00f6teborg), som m\u00e5lmedvetet arbetat f\u00f6r att ge de boende i de tre \u00e4ldreboendena Vegahusen, \u00c4ngg\u00e5rdsbacken och Otium en h\u00f6jdpunkt att varje dag se fram emot. Akademins motivering lyder:<\/p>\n<p><code><em>\u201dTill en h\u00e4ngiven, entusiastisk och skicklig kostchef, som med stor lyh\u00f6rdhet och fingertoppsk\u00e4nsla g\u00f6r lunchen till en daglig h\u00f6gtidsstund f\u00f6r sina g\u00e4ster\u201d<\/em><\/code><\/p>\n<p id=\"sharptext\"><strong>Linda Martinson<\/strong> \u00e4r kostchef f\u00f6r k\u00f6ken vid Tre Stiftelsers \u00e4ldreboende i G\u00f6teborg, som best\u00e5r av de tre enheterna Vegahusen, \u00c4ngg\u00e5rdsbacken och Otium. Hon b\u00f6rjade d\u00e4r 2005 och har genom m\u00e5lmedvetet arbete p\u00e5 kort tid f\u00e5tt de tre k\u00f6ken att m\u00e4rkbart h\u00f6ja kvaliteten p\u00e5 m\u00e5ltiderna. Man \u00f6vergav halvfabrikatenoch producerar idag i stort sett all mat fr\u00e5n grunden med fokus p\u00e5 kost och nutrition. Linda Martinsson har i \u00f6ver ett decennium h\u00e4ngivet varit verksam inom v\u00e5rd och framf\u00f6r allt \u00e4ldreomsorg och har med stor \u00f6dmjukhet tagit sig an och svarat upp till de \u00f6nskem\u00e5l som de boende kommer med. &#8221;Genom att dagligen \u00e4ta bland g\u00e4sterna f\u00e5r man h\u00f6ra m\u00e5nga \u00e5sikter om maten och det \u00e4r farmf\u00f6r allt h\u00e4r som v\u00e5r k\u00e4lla till f\u00f6rnyelse finns&#8221; s\u00e4ger Linda Martinsson.<\/p>\n<p>Kontaktuppgifter:<\/p>\n<p><a href=\"http:\/\/www.avo.nu\/\" target=\"_blank\"><img decoding=\"async\" src=\"..\/..\/images\/TreStiftelserlogo3.jpg\" border=\"0\" alt=\"\" \/><\/a><\/p>\n<p>Linda Martinsson, <a href=\"http:\/\/www.avo.nu\/\" target=\"_blank\">Tre Stiftelser<\/a>, 031-704 26 70, 0702-31 40 14<\/p>\n<hr size=\"1\" \/>\n<h2><span id=\"text5\">Akademins diplom <\/span><\/h2>\n<p>V\u00e4stra Gastronomiska Akademin delar i \u00e5r ocks\u00e5 ut diplom till f\u00f6ljande:<\/p>\n<p><strong>Bernhard och Waltraud Reckermann<\/strong>, V\u00e4tternsparris, Norra F\u00e5gel\u00e5s utanf\u00f6r Hjo.<\/p>\n<p><code><em>\"Vi v\u00e4lkomnar \u00e5terkomsten av vit sparris, odlad h\u00e4r, och dessutom kvalitetsklassad - det berikar v\u00e5r regionala gastronomi.\"<\/em><\/code><\/p>\n<p>Kontaktuppgifter: Bernhard Reckermann, <a href=\"http:\/\/www.sparris.net\/\" target=\"_blank\">Hemsida<\/a>,  0503-162 65<\/p>\n<p><strong>H\u00e5kan L\u00f6nnberg, ICA Kvantum<\/strong>, V\u00e4nersborg.<\/p>\n<p><code><em>\"F\u00f6r en medveten satsning p\u00e5 h\u00f6g serviceniv\u00e5, mycket god kommunikation med kunderna, stor andel produkter fr\u00e5n lokala odlare och f\u00f6r\u00e4dlare.\"<\/em><\/code><\/p>\n<p>Kontaktuppgifter: H\u00e5kan L\u00f6nnberg, <a href=\"http:\/\/www.ica.se\/FrontServlet?s=butiker&amp;state=butikssida&amp;butiksid=01819\" target=\"_blank\">hemsida<\/a>, 0521260620, 0707 &#8211; 60 00 97<\/p>\n<blockquote><p>Pressrelease i word format <a href=\"..\/..\/arkiv\/Pressrelease2007.doc\">[Pressrelease2007.doc]<\/a><\/p>\n<p>Inbjudan till prisutdelningen i PDF format <a href=\"..\/..\/arkiv\/program2007vga.pdf\">[program2007vga.pdf]<\/a><\/p><\/blockquote>\n","protected":false},"excerpt":{"rendered":"<p>Akademins pristagare 2007 Modern mat med tradition bel\u00f6nas V\u00e4stra Gastronomiska Akademin bel\u00f6nar torsdagen den 24 maj ett antal personer som bidragit till \u00f6kade kunskaper och f\u00f6r\u00e4ndrade attityder till svensk matkultur. Prisutdelningen f\u00f6rr\u00e4ttas av Landsh\u00f6vdingen i V\u00e4stra G\u00f6talands l\u00e4n, G\u00f6te Bernhardsson, samt Akademins Preses Birgitta Rasmusson i samband med Akademins \u00e5rsh\u00f6gtid p\u00e5 Residenset i G\u00f6teborg Akademins [&hellip;]<\/p>\n","protected":false},"author":6,"featured_media":0,"parent":12,"menu_order":0,"comment_status":"closed","ping_status":"closed","template":"","meta":{"hide_page_title":"","footnotes":""},"class_list":["post-63","page","type-page","status-publish","hentry"],"_links":{"self":[{"href":"https:\/\/vgak.info\/index.php?rest_route=\/wp\/v2\/pages\/63","targetHints":{"allow":["GET"]}}],"collection":[{"href":"https:\/\/vgak.info\/index.php?rest_route=\/wp\/v2\/pages"}],"about":[{"href":"https:\/\/vgak.info\/index.php?rest_route=\/wp\/v2\/types\/page"}],"author":[{"embeddable":true,"href":"https:\/\/vgak.info\/index.php?rest_route=\/wp\/v2\/users\/6"}],"replies":[{"embeddable":true,"href":"https:\/\/vgak.info\/index.php?rest_route=%2Fwp%2Fv2%2Fcomments&post=63"}],"version-history":[{"count":11,"href":"https:\/\/vgak.info\/index.php?rest_route=\/wp\/v2\/pages\/63\/revisions"}],"predecessor-version":[{"id":65,"href":"https:\/\/vgak.info\/index.php?rest_route=\/wp\/v2\/pages\/63\/revisions\/65"}],"up":[{"embeddable":true,"href":"https:\/\/vgak.info\/index.php?rest_route=\/wp\/v2\/pages\/12"}],"wp:attachment":[{"href":"https:\/\/vgak.info\/index.php?rest_route=%2Fwp%2Fv2%2Fmedia&parent=63"}],"curies":[{"name":"wp","href":"https:\/\/api.w.org\/{rel}","templated":true}]}}