{"id":59,"date":"2009-03-14T10:36:01","date_gmt":"2009-03-14T09:36:01","guid":{"rendered":"https:\/\/vgak.info\/devwork\/?page_id=59"},"modified":"2009-05-10T21:51:33","modified_gmt":"2009-05-10T20:51:33","slug":"arshogtid-2006","status":"publish","type":"page","link":"https:\/\/vgak.info\/?page_id=59","title":{"rendered":"\u00c5rsh\u00f6gtid 2006"},"content":{"rendered":"<p style=\"text-align: left;\">Prisutdelare:<\/p>\n<p style=\"text-align: left;\">Landsh\u00f6vdingen i V\u00e4stra G\u00f6taland G\u00f6te Bernhardsson<\/p>\n<p style=\"text-align: left;\">\u00a0<\/p>\n<p style=\"text-align: left;\">Plats:<\/p>\n<p style=\"text-align: left;\">L\u00e4nsresidenset G\u00f6teborg<\/p>\n","protected":false},"excerpt":{"rendered":"<p>Prisutdelare: Landsh\u00f6vdingen i V\u00e4stra G\u00f6taland G\u00f6te Bernhardsson \u00a0 Plats: L\u00e4nsresidenset G\u00f6teborg<\/p>\n","protected":false},"author":6,"featured_media":0,"parent":10,"menu_order":40,"comment_status":"closed","ping_status":"closed","template":"","meta":{"hide_page_title":"","footnotes":""},"class_list":["post-59","page","type-page","status-publish","hentry"],"_links":{"self":[{"href":"https:\/\/vgak.info\/index.php?rest_route=\/wp\/v2\/pages\/59","targetHints":{"allow":["GET"]}}],"collection":[{"href":"https:\/\/vgak.info\/index.php?rest_route=\/wp\/v2\/pages"}],"about":[{"href":"https:\/\/vgak.info\/index.php?rest_route=\/wp\/v2\/types\/page"}],"author":[{"embeddable":true,"href":"https:\/\/vgak.info\/index.php?rest_route=\/wp\/v2\/users\/6"}],"replies":[{"embeddable":true,"href":"https:\/\/vgak.info\/index.php?rest_route=%2Fwp%2Fv2%2Fcomments&post=59"}],"version-history":[{"count":4,"href":"https:\/\/vgak.info\/index.php?rest_route=\/wp\/v2\/pages\/59\/revisions"}],"predecessor-version":[{"id":267,"href":"https:\/\/vgak.info\/index.php?rest_route=\/wp\/v2\/pages\/59\/revisions\/267"}],"up":[{"embeddable":true,"href":"https:\/\/vgak.info\/index.php?rest_route=\/wp\/v2\/pages\/10"}],"wp:attachment":[{"href":"https:\/\/vgak.info\/index.php?rest_route=%2Fwp%2Fv2%2Fmedia&parent=59"}],"curies":[{"name":"wp","href":"https:\/\/api.w.org\/{rel}","templated":true}]}}