{"id":56,"date":"2009-03-14T10:19:38","date_gmt":"2009-03-14T09:19:38","guid":{"rendered":"https:\/\/vgak.info\/devwork\/?page_id=56"},"modified":"2009-05-10T21:48:29","modified_gmt":"2009-05-10T20:48:29","slug":"arshogtid-2007","status":"publish","type":"page","link":"https:\/\/vgak.info\/?page_id=56","title":{"rendered":"\u00e5rsh\u00f6gtid 2007"},"content":{"rendered":"<p style=\"text-align: left;\">Prisutdelare:<\/p>\n<p style=\"text-align: left;\">Landsh\u00f6vdingen i V\u00e4stra G\u00f6taland G\u00f6te Bernhardsson<\/p>\n<p style=\"text-align: left;\">Plats:<br \/>\nL\u00e4nsresidenset G\u00f6teborg<\/p>\n","protected":false},"excerpt":{"rendered":"<p>Prisutdelare: Landsh\u00f6vdingen i V\u00e4stra G\u00f6taland G\u00f6te Bernhardsson Plats: L\u00e4nsresidenset G\u00f6teborg<\/p>\n","protected":false},"author":6,"featured_media":0,"parent":10,"menu_order":39,"comment_status":"closed","ping_status":"closed","template":"","meta":{"hide_page_title":"","footnotes":""},"class_list":["post-56","page","type-page","status-publish","hentry"],"_links":{"self":[{"href":"https:\/\/vgak.info\/index.php?rest_route=\/wp\/v2\/pages\/56","targetHints":{"allow":["GET"]}}],"collection":[{"href":"https:\/\/vgak.info\/index.php?rest_route=\/wp\/v2\/pages"}],"about":[{"href":"https:\/\/vgak.info\/index.php?rest_route=\/wp\/v2\/types\/page"}],"author":[{"embeddable":true,"href":"https:\/\/vgak.info\/index.php?rest_route=\/wp\/v2\/users\/6"}],"replies":[{"embeddable":true,"href":"https:\/\/vgak.info\/index.php?rest_route=%2Fwp%2Fv2%2Fcomments&post=56"}],"version-history":[{"count":5,"href":"https:\/\/vgak.info\/index.php?rest_route=\/wp\/v2\/pages\/56\/revisions"}],"predecessor-version":[{"id":199,"href":"https:\/\/vgak.info\/index.php?rest_route=\/wp\/v2\/pages\/56\/revisions\/199"}],"up":[{"embeddable":true,"href":"https:\/\/vgak.info\/index.php?rest_route=\/wp\/v2\/pages\/10"}],"wp:attachment":[{"href":"https:\/\/vgak.info\/index.php?rest_route=%2Fwp%2Fv2%2Fmedia&parent=56"}],"curies":[{"name":"wp","href":"https:\/\/api.w.org\/{rel}","templated":true}]}}