{"id":555,"date":"2014-03-02T23:03:14","date_gmt":"2014-03-02T22:03:14","guid":{"rendered":"https:\/\/vgak.info\/?page_id=555"},"modified":"2014-03-02T23:04:20","modified_gmt":"2014-03-02T22:04:20","slug":"pristagare-2013","status":"publish","type":"page","link":"https:\/\/vgak.info\/?page_id=555","title":{"rendered":"Pristagare 2013"},"content":{"rendered":"<p>&nbsp;<\/p>\n<p style=\"text-align: center; font-size: 30px;\"><strong>Akademins diplommottagare <\/strong><\/p>\n<p style=\"text-align: center; font-size: 30px;\"><strong>2013 <\/strong><\/p>\n<p style=\"text-align: center; font-size: 30px;\">&nbsp;<\/p>\n<p style=\"text-align: center; font-size: 30px;\"><strong><br \/>\n<\/strong><\/p>\n<p><a href=\"https:\/\/vgak.info\/wp-content\/uploads\/2009\/03\/Web-6577.jpg\"><img loading=\"lazy\" decoding=\"async\" class=\"alignnone size-full wp-image-521\" title=\"Web-6577\" src=\"https:\/\/vgak.info\/wp-content\/uploads\/2009\/03\/Web-6577.jpg\" alt=\"\" width=\"462\" height=\"308\" srcset=\"https:\/\/vgak.info\/wp-content\/uploads\/2009\/03\/Web-6577.jpg 462w, https:\/\/vgak.info\/wp-content\/uploads\/2009\/03\/Web-6577-300x200.jpg 300w\" sizes=\"auto, (max-width: 462px) 100vw, 462px\" \/><\/a><\/p>\n<p><strong>Br\u00f6derna Nilssons livs, Kungsbacka.<\/strong><\/p>\n<p>H\u00e4r kan du fortfarande handla delikatesser som  ost, te och lokalt producerade livsmedel \u00f6ver disk och f\u00e5 en handr\u00e4knad  summering av vad du skall betala.<\/p>\n<p>Expediterna i prydliga rockar m\u00e5nar om sina kunder.<br \/>\nFamiljen Nilsson startade butiken 1940.<\/p>\n<p>Storgatan 16<br \/>\n434 30 Kungsbacka<br \/>\n030-01 01 55<\/p>\n<p><a href=\"https:\/\/vgak.info\/wp-content\/uploads\/2009\/03\/Web-6583.jpg\"><img loading=\"lazy\" decoding=\"async\" class=\"alignnone size-full wp-image-522\" title=\"Web-6583\" src=\"https:\/\/vgak.info\/wp-content\/uploads\/2009\/03\/Web-6583.jpg\" alt=\"\" width=\"462\" height=\"308\" srcset=\"https:\/\/vgak.info\/wp-content\/uploads\/2009\/03\/Web-6583.jpg 462w, https:\/\/vgak.info\/wp-content\/uploads\/2009\/03\/Web-6583-300x200.jpg 300w\" sizes=\"auto, (max-width: 462px) 100vw, 462px\" \/><\/a><\/p>\n<p><strong>B\u00f6rje Olssons skafferi. Halmstad.<\/strong><\/p>\n<p>1994 p\u00e5 v\u00e5ren best\u00e4mde fr\u00f6ken B\u00f6rje och fr\u00f6ken Olsson sig f\u00f6r att  tillsammans \u00f6ppna n\u00e5got eget och erbjuda kunderna det de efterfr\u00e5gade  men inte kunde k\u00f6pa i Simrishamns aff\u00e4rer. Butiken fick namnet B\u00f6rje  Olssons Skafferi &#8211; och blev en succ\u00e9!Fr\u00f6ken Olsson s\u00f6kte nya utmaningar  och flyttade 2003 till Halmstad. Efter flera \u00e5rs s\u00f6kande blev dr\u00f6mmen  sann om ett eget skafferi.  Nu ligger skafferiet  i ett vackert  korsvirkeshus mitt p\u00e5 storgatan i Halmstad.<\/p>\n<p>Storgatan 23<br \/>\n302 43 Halmstad<br \/>\n035-211670<\/p>\n<p><a href=\"http:\/\/www.olssonsskafferi.com\">www.olssonsskafferi.com<\/a><br \/>\nbarbro.skane@hotmail.com<\/p>\n<p><strong><a href=\"https:\/\/vgak.info\/wp-content\/uploads\/2009\/03\/Web-6575.jpg\"><img loading=\"lazy\" decoding=\"async\" class=\"alignnone size-full wp-image-524\" title=\"Web-6575\" src=\"https:\/\/vgak.info\/wp-content\/uploads\/2009\/03\/Web-6575.jpg\" alt=\"\" width=\"462\" height=\"275\" srcset=\"https:\/\/vgak.info\/wp-content\/uploads\/2009\/03\/Web-6575.jpg 462w, https:\/\/vgak.info\/wp-content\/uploads\/2009\/03\/Web-6575-300x178.jpg 300w\" sizes=\"auto, (max-width: 462px) 100vw, 462px\" \/><\/a><\/strong><\/p>\n<p><strong>Mat &amp; S\u00e5nt Delikatesser, Catering, Falk\u00f6ping.<\/strong><\/p>\n<p>Mat &amp; S\u00e5nt drivs av Per och Karin Arnlund sedan v\u00e5ren 2001. Inom deras verksamhet ryms catering och lunch f\u00f6r avh\u00e4mtning och leverans. Deras delikatessbutik fungerar som marknadstorg f\u00f6r lokala producenter med ett utbud som varierar efter s\u00e4song. De har \u00e4ven ett stort utbud av produkter under eget namn. Allt drivs med personlig service och h\u00f6g kvalitet som riktlinje.<\/p>\n<p>Verkstadsgatan 5<br \/>\n521 41 Falk\u00f6ping<br \/>\n051-58 10 50<\/p>\n<p><a href=\"http:\/\/www.matochs\u00e5nt.se\">www.matochs\u00e5nt.se<\/a><\/p>\n<p><a href=\"https:\/\/vgak.info\/wp-content\/uploads\/2009\/03\/Web-6572.jpg\"><img loading=\"lazy\" decoding=\"async\" class=\"alignnone size-full wp-image-523\" title=\"Web-6572\" src=\"https:\/\/vgak.info\/wp-content\/uploads\/2009\/03\/Web-6572.jpg\" alt=\"\" width=\"462\" height=\"297\" srcset=\"https:\/\/vgak.info\/wp-content\/uploads\/2009\/03\/Web-6572.jpg 462w, https:\/\/vgak.info\/wp-content\/uploads\/2009\/03\/Web-6572-300x192.jpg 300w\" sizes=\"auto, (max-width: 462px) 100vw, 462px\" \/><\/a><\/p>\n<p><strong>Feskek\u00f4rka, G\u00f6teborg.<\/strong><\/p>\n<p>Feskek\u00f6rka \u00e4r samlingsplatsen f\u00f6r alla som uppskattar Sveriges bredaste  utbud av f\u00e4rsk fisk och skaldjur. H\u00e4r finns ocks\u00e5 tv\u00e5 h\u00f6gklassiga  restauranger, ostron\u00f6ppning och vinprovning samt m\u00f6jlighet att arrangera  fester och events.<\/p>\n<p>Fisktorget 3-4<br \/>\n411 25 G\u00f6teborg<\/p>\n<p><a href=\"http:\/\/www.feskek\u00f6rka.se\">www.feskek\u00f6rka.se<\/a><br \/>\nfeskekorkan@goteborgaren.se<\/p>\n<hr \/>\n<h2>V\u00c4STRA GASTRONOMISKA AKADEMIN<\/h2>\n<p>har till uppgift att fr\u00e4mja matkulturen i V\u00e4stra Sverige. Detta kan ske genom att framst\u00e5ende prestationer uppm\u00e4rksammas och att arrangemang inom akademins omr\u00e5de ges st\u00f6d. F\u00f6rutom kokkonst och servering ing\u00e5r odling, produktion och distribution av livsmedel i akademins intresseomr\u00e5den; praktiska s\u00e5v\u00e4l som pedagogiska och vetenskapliga insatser skall kunna f\u00e5 dess uppm\u00e4rksamhet och st\u00f6d. Som tecken p\u00e5 erk\u00e4nnande delar V\u00e4stra Akademin ut diplom. I samband d\u00e4rmed sprids k\u00e4nnedom om prestationen till kolleger och allm\u00e4nhet genom f\u00f6redrag och demonstrationer samt via media.<\/p>\n<p>Fram till 1999 var v\u00e5rt namn V\u00e4stra Akademin f\u00f6r Gastronomi<\/p>\n<h2>Akademins samarbetspartners<\/h2>\n<p>V\u00e5ra samarbetspartners st\u00f6der akademin genom att inkomma med f\u00f6rslag och synpunkter samt med ekonomiska bidrag. Vi samverkar l\u00e5ngsiktigt med f\u00f6ljande f\u00f6retag.<\/p>\n<ul>\n<li><a href=\"http:\/\/www.abba.se\/\" target=\"_blank\">Abba Seafood<\/a><\/li>\n<li><a href=\"http:\/\/www.leroy.no\/\" target=\"_blank\">Ler\u00f6y Allt i Fisk AB<\/a><\/li>\n<li><a href=\"http:\/\/www.electrolux-professional.se\/\" target=\"_blank\">Electrolux Professional AB, svensk sida<\/a><\/li>\n<li><a href=\"http:\/\/professional.electrolux.com\/\" target=\"_blank\">Electrolux Professional AB, engelsk sida<\/a><\/li>\n<li><a href=\"http:\/\/www.arla.se\/\" target=\"_blank\">Arla Foods<\/a><\/li>\n<li><a href=\"http:\/\/www.asperofisk.com\/\" target=\"_blank\">Asper\u00f6fisk<\/a><\/li>\n<li><a href=\"http:\/\/www.steinbrenner-nyberg.se\/\" target=\"_blank\">Conditori Chocolatier Steinbrenner &amp; Nyberg<\/a><\/li>\n<li><a href=\"http:\/\/www.hush.se\/opn\/\" target=\"_blank\">Hush\u00e5llningss\u00e4llskapen V\u00e4stra G\u00f6taland<\/a><\/li>\n<li><a href=\"http:\/\/www.kokbokhandeln.se\/\" target=\"_blank\">Kokbokhandeln Connoisseur Bokhandel AB<\/a><\/li>\n<li><a href=\"http:\/\/www\/\" target=\"_blank\">Larsson &amp; Partner AB<\/a><\/li>\n<li><a href=\"http:\/\/www.mesan.com\/\" target=\"_blank\">Mes\u00e1n System AB<\/a><\/li>\n<li><a href=\"http:\/\/www.mkabgbg.se\/\" target=\"_blank\">MKAB stork\u00f6k<\/a><\/li>\n<li><a href=\"http:\/\/www.passionformat.se\/\" target=\"_blank\">Passion f\u00f6r Mat<\/a><\/li>\n<li><a href=\"http:\/\/www.santamaria.se\/\" target=\"_blank\">Santa Maria AB<\/a><\/li>\n<li><a href=\"http:\/\/www.28plus.se\/\" target=\"_blank\">Restaurang 28+<\/a><\/li>\n<li><a href=\"http:\/\/www.sik.se\/\" target=\"_blank\">SIK, Institutet f\u00f6r Livsmedel och Bioteknik<\/a><\/li>\n<li><a href=\"http:\/\/www.valrhona.com\/\" target=\"_blank\">Valrhona chocolat<\/a><\/li>\n<li><a href=\"http:\/\/www.sparbanksstiftelsenvast.se\/\" target=\"_blank\">Sparbanksstiftelsen V\u00e4st<\/a><\/li>\n<li><a href=\"http:\/\/www.swefair.se\/\" target=\"_blank\">Svenska M\u00e4ssan<\/a><\/li>\n<li><a href=\"http:\/\/www.vgak.info\/vanf\" target=\"_blank\">V\u00e4nf\u00f6reningen<\/a><a href=\"https:\/\/vgak.info\/wp-content\/uploads\/2009\/03\/IMG_4221_klar.jpg\"><\/a><\/li>\n<\/ul>\n","protected":false},"excerpt":{"rendered":"<p>&nbsp; Akademins diplommottagare 2013 &nbsp; Br\u00f6derna Nilssons livs, Kungsbacka. H\u00e4r kan du fortfarande handla delikatesser som ost, te och lokalt producerade livsmedel \u00f6ver disk och f\u00e5 en handr\u00e4knad summering av vad du skall betala. Expediterna i prydliga rockar m\u00e5nar om sina kunder. Familjen Nilsson startade butiken 1940. Storgatan 16 434 30 Kungsbacka 030-01 01 55 [&hellip;]<\/p>\n","protected":false},"author":7,"featured_media":0,"parent":12,"menu_order":-7,"comment_status":"closed","ping_status":"closed","template":"","meta":{"hide_page_title":"","footnotes":""},"class_list":["post-555","page","type-page","status-publish","hentry"],"_links":{"self":[{"href":"https:\/\/vgak.info\/index.php?rest_route=\/wp\/v2\/pages\/555","targetHints":{"allow":["GET"]}}],"collection":[{"href":"https:\/\/vgak.info\/index.php?rest_route=\/wp\/v2\/pages"}],"about":[{"href":"https:\/\/vgak.info\/index.php?rest_route=\/wp\/v2\/types\/page"}],"author":[{"embeddable":true,"href":"https:\/\/vgak.info\/index.php?rest_route=\/wp\/v2\/users\/7"}],"replies":[{"embeddable":true,"href":"https:\/\/vgak.info\/index.php?rest_route=%2Fwp%2Fv2%2Fcomments&post=555"}],"version-history":[{"count":2,"href":"https:\/\/vgak.info\/index.php?rest_route=\/wp\/v2\/pages\/555\/revisions"}],"predecessor-version":[{"id":557,"href":"https:\/\/vgak.info\/index.php?rest_route=\/wp\/v2\/pages\/555\/revisions\/557"}],"up":[{"embeddable":true,"href":"https:\/\/vgak.info\/index.php?rest_route=\/wp\/v2\/pages\/12"}],"wp:attachment":[{"href":"https:\/\/vgak.info\/index.php?rest_route=%2Fwp%2Fv2%2Fmedia&parent=555"}],"curies":[{"name":"wp","href":"https:\/\/api.w.org\/{rel}","templated":true}]}}