{"id":53,"date":"2009-03-13T17:02:12","date_gmt":"2009-03-13T16:02:12","guid":{"rendered":"https:\/\/vgak.info\/devwork\/?page_id=53"},"modified":"2012-03-21T22:59:33","modified_gmt":"2012-03-21T21:59:33","slug":"avganga","status":"publish","type":"page","link":"https:\/\/vgak.info\/?page_id=53","title":{"rendered":"Avg\u00e5ngna"},"content":{"rendered":"<blockquote>\n<ul>\n<li><span id=\"verkled\"> Claes Wernerson, Uttr\u00e4tt p\u00e5 egen beg\u00e4ran 2012.<\/li>\n<li><span id=\"verkled\"> <a href=\"mailto:Reidar.Lyng@kth.se\">Reidar Lyng,<\/a> Tekn.Dr, Kemi<\/a> Uttr\u00e4tt genom avflyttning till Karlstad, 2002.<\/span><\/li>\n<li><span id=\"verkled\"> Ove Thors\u00e9n, Keramiker.  Uttr\u00e4tt p\u00e5 egen beg\u00e4ran 2001<\/span><\/li>\n<li><span id=\"verkled\">P-G Blomquist, ADB-man, vink\u00e4nnare, Uttr\u00e4tt p\u00e5 egen beg\u00e4ran 2000<\/span><\/li>\n<li><span id=\"verkled\"> Per Wramner, f.d generaldirekt\u00f6r Fiskeriverket. Uttr\u00e4tt genom avflyttning till Kalmar, 1999<\/span><\/li>\n<li><span id=\"verkled\"> Ulf Wagner, Kock. Uttr\u00e4tt p\u00e5 egen beg\u00e4ran 1998<\/span><\/li>\n<\/ul>\n<\/blockquote>\n<p style=\"text-align: center;\"><img loading=\"lazy\" decoding=\"async\" class=\"aligncenter\" src=\"http:\/\/www.vgak.info\/images\/c1.jpg\" alt=\"\" width=\"629\" height=\"113\" \/><\/p>\n","protected":false},"excerpt":{"rendered":"<p>Claes Wernerson, Uttr\u00e4tt p\u00e5 egen beg\u00e4ran 2012. Reidar Lyng, Tekn.Dr, Kemi Uttr\u00e4tt genom avflyttning till Karlstad, 2002. Ove Thors\u00e9n, Keramiker. Uttr\u00e4tt p\u00e5 egen beg\u00e4ran 2001 P-G Blomquist, ADB-man, vink\u00e4nnare, Uttr\u00e4tt p\u00e5 egen beg\u00e4ran 2000 Per Wramner, f.d generaldirekt\u00f6r Fiskeriverket. Uttr\u00e4tt genom avflyttning till Kalmar, 1999 Ulf Wagner, Kock. Uttr\u00e4tt p\u00e5 egen beg\u00e4ran 1998<\/p>\n","protected":false},"author":6,"featured_media":0,"parent":8,"menu_order":3,"comment_status":"closed","ping_status":"closed","template":"","meta":{"hide_page_title":"","footnotes":""},"class_list":["post-53","page","type-page","status-publish","hentry"],"_links":{"self":[{"href":"https:\/\/vgak.info\/index.php?rest_route=\/wp\/v2\/pages\/53","targetHints":{"allow":["GET"]}}],"collection":[{"href":"https:\/\/vgak.info\/index.php?rest_route=\/wp\/v2\/pages"}],"about":[{"href":"https:\/\/vgak.info\/index.php?rest_route=\/wp\/v2\/types\/page"}],"author":[{"embeddable":true,"href":"https:\/\/vgak.info\/index.php?rest_route=\/wp\/v2\/users\/6"}],"replies":[{"embeddable":true,"href":"https:\/\/vgak.info\/index.php?rest_route=%2Fwp%2Fv2%2Fcomments&post=53"}],"version-history":[{"count":5,"href":"https:\/\/vgak.info\/index.php?rest_route=\/wp\/v2\/pages\/53\/revisions"}],"predecessor-version":[{"id":55,"href":"https:\/\/vgak.info\/index.php?rest_route=\/wp\/v2\/pages\/53\/revisions\/55"}],"up":[{"embeddable":true,"href":"https:\/\/vgak.info\/index.php?rest_route=\/wp\/v2\/pages\/8"}],"wp:attachment":[{"href":"https:\/\/vgak.info\/index.php?rest_route=%2Fwp%2Fv2%2Fmedia&parent=53"}],"curies":[{"name":"wp","href":"https:\/\/api.w.org\/{rel}","templated":true}]}}