{"id":50,"date":"2009-03-13T16:59:23","date_gmt":"2009-03-13T15:59:23","guid":{"rendered":"https:\/\/vgak.info\/devwork\/?page_id=50"},"modified":"2015-05-05T09:40:38","modified_gmt":"2015-05-05T08:40:38","slug":"avlidna","status":"publish","type":"page","link":"https:\/\/vgak.info\/?page_id=50","title":{"rendered":"Avlidna"},"content":{"rendered":"<h1>Avlidna Ledam\u00f6ter<\/h1>\n<blockquote>\n<ul>\n<li> Solveig Bj\u00f6rcke+, MHM vid G\u00f6teborgs Universitet, G\u00f6teborg<\/li>\n<li>Sune \u00d6rnberg+, F\u00f6rfattare, G\u00f6teborg<\/li>\n<li>Allan Hult+, k\u00f6ksm\u00e4stare, G\u00f6teborg<\/li>\n<li> Mary Johansson, Jordbrukare, Orust<\/li>\n<li>G\u00f6ran Rusk+, f\u00f6rfattare, Fj\u00e4r\u00e5s<\/li>\n<li>Peter Rhedin+, Reklamman, Marstrand<\/li>\n<li>Bengt Petersen+, Kr\u00f6gare, G\u00f6teborg<\/li>\n<\/ul>\n<\/blockquote>\n<p style=\"text-align: center;\"><img loading=\"lazy\" decoding=\"async\" class=\"aligncenter\" src=\"..\/..\/images\/c2.jpg\" alt=\"\" width=\"629\" height=\"113\" \/><\/p>\n","protected":false},"excerpt":{"rendered":"<p>Avlidna Ledam\u00f6ter Solveig Bj\u00f6rcke+, MHM vid G\u00f6teborgs Universitet, G\u00f6teborg Sune \u00d6rnberg+, F\u00f6rfattare, G\u00f6teborg Allan Hult+, k\u00f6ksm\u00e4stare, G\u00f6teborg Mary Johansson, Jordbrukare, Orust G\u00f6ran Rusk+, f\u00f6rfattare, Fj\u00e4r\u00e5s Peter Rhedin+, Reklamman, Marstrand Bengt Petersen+, Kr\u00f6gare, G\u00f6teborg<\/p>\n","protected":false},"author":6,"featured_media":0,"parent":8,"menu_order":4,"comment_status":"closed","ping_status":"closed","template":"","meta":{"hide_page_title":"","footnotes":""},"class_list":["post-50","page","type-page","status-publish","hentry"],"_links":{"self":[{"href":"https:\/\/vgak.info\/index.php?rest_route=\/wp\/v2\/pages\/50","targetHints":{"allow":["GET"]}}],"collection":[{"href":"https:\/\/vgak.info\/index.php?rest_route=\/wp\/v2\/pages"}],"about":[{"href":"https:\/\/vgak.info\/index.php?rest_route=\/wp\/v2\/types\/page"}],"author":[{"embeddable":true,"href":"https:\/\/vgak.info\/index.php?rest_route=\/wp\/v2\/users\/6"}],"replies":[{"embeddable":true,"href":"https:\/\/vgak.info\/index.php?rest_route=%2Fwp%2Fv2%2Fcomments&post=50"}],"version-history":[{"count":9,"href":"https:\/\/vgak.info\/index.php?rest_route=\/wp\/v2\/pages\/50\/revisions"}],"predecessor-version":[{"id":579,"href":"https:\/\/vgak.info\/index.php?rest_route=\/wp\/v2\/pages\/50\/revisions\/579"}],"up":[{"embeddable":true,"href":"https:\/\/vgak.info\/index.php?rest_route=\/wp\/v2\/pages\/8"}],"wp:attachment":[{"href":"https:\/\/vgak.info\/index.php?rest_route=%2Fwp%2Fv2%2Fmedia&parent=50"}],"curies":[{"name":"wp","href":"https:\/\/api.w.org\/{rel}","templated":true}]}}