{"id":5,"date":"2009-03-13T14:27:19","date_gmt":"2009-03-13T13:27:19","guid":{"rendered":"https:\/\/vgak.info\/devwork\/?page_id=5"},"modified":"2021-10-06T15:24:03","modified_gmt":"2021-10-06T14:24:03","slug":"akademin","status":"publish","type":"page","link":"https:\/\/vgak.info\/","title":{"rendered":"Akademin"},"content":{"rendered":"\n<p>V\u00e4lkommen till Akademins arkivsidor 1995-2015<br>Akademins aktuella sida hittar du p\u00e5 <strong><a href=\"http:\/\/www.vgak.se\">vgak.se<\/a><\/strong><br><\/p>\n\n\n\n<p><strong><br><\/strong><\/p>\n\n\n\n<hr class=\"wp-block-separator\"\/>\n\n\n\n<h2 class=\"wp-block-heading\">V\u00c4STRA GASTRONOMISKA AKADEMIN<\/h2>\n\n\n\n<p>har till uppgift att fr\u00e4mja matkulturen i V\u00e4stra Sverige. Detta kan ske genom att framst\u00e5ende prestationer uppm\u00e4rksammas och att arrangemang inom akademins omr\u00e5de ges st\u00f6d. F\u00f6rutom kokkonst och servering ing\u00e5r odling, produktion och distribution av livsmedel i akademins intresseomr\u00e5den; praktiska s\u00e5v\u00e4l som pedagogiska och vetenskapliga insatser skall kunna f\u00e5 dess uppm\u00e4rksamhet och st\u00f6d. Som tecken p\u00e5 erk\u00e4nnande delar V\u00e4stra Akademin ut diplom. I samband d\u00e4rmed sprids k\u00e4nnedom om prestationen till kolleger och allm\u00e4nhet genom f\u00f6redrag och demonstrationer samt via media.<\/p>\n\n\n\n<p>Fram till 1999 var v\u00e5rt namn V\u00e4stra Akademin f\u00f6r Gastronomi<\/p>\n\n\n\n<p>N\u00e4r V\u00e4stra Gastronomiska Akademin bildades f\u00f6r snart 20 \u00e5r sedan formulerade akademins f\u00f6rste preses Bengt Petersen det tydliga och slagkraftiga m\u00e5let: Vi vill ha riktigt k\u00e4k!<\/p>\n\n\n\n<p>En interimstyrelse med initiativtagaren Torbj\u00f6rn Eliasson, rektorn f\u00f6r Hotell- och Restaurangskolan Alf Carlsson, kr\u00f6garprofilen Bengt Petersen, m\u00e4sterkocken Allan Hult samt mathistorikern G\u00f6ran Rusk fick snart allt fler gastronomiska v\u00e4stsvenskar att ansluta sig till kretsen. Syfte och handlingsplaner arbetades fram. Akademin skulle inte bara bevara regionens traditioner och unika matkultur. S\u00e4llskapet skulle ocks\u00e5 stimulera f\u00f6rnyelse samt fr\u00e4mja utvecklingen av en levande gastronomi i V\u00e4stsverige.<\/p>\n\n\n\n<p>Ett uppskattat s\u00e4tt att uppm\u00e4rksamma personer och f\u00f6retag som g\u00e5r i br\u00e4schen f\u00f6r den v\u00e4stsvenska gastronomin \u00e4r akademins \u00e5rliga prisutdelning. Sedan premi\u00e4ren 1996 har en noga utvald f\u00f6rsamling av gastronomins f\u00f6rk\u00e4mpar f\u00e5tt motta diplom. Denna inramade utm\u00e4rkelse brukar inte s\u00e4llan placeras i restaurang, butik eller liknande lokaliteter d\u00e4r kunder och \u00f6vriga g\u00e4ster g\u00f6rs uppm\u00e4rksamma p\u00e5 den historiska h\u00e4ndelse som f\u00f6revarit.<\/p>\n\n\n\n<h2 class=\"wp-block-heading\">Akademins samarbetspartners<\/h2>\n\n\n\n<p>V\u00e5ra samarbetspartners st\u00f6der akademin genom att inkomma med f\u00f6rslag och synpunkter samt med ekonomiska bidrag. Vi samverkar l\u00e5ngsiktigt med f\u00f6ljande f\u00f6retag.<\/p>\n\n\n\n<ul class=\"wp-block-list\"><li><a href=\"http:\/\/www.abba.se\/\" target=\"_blank\" rel=\"noopener\">Abba Seafood<\/a><\/li><li><a href=\"http:\/\/www.leroy.no\/\" target=\"_blank\" rel=\"noopener\">Ler\u00f6y Allt i Fisk AB<\/a><\/li><li><a href=\"http:\/\/www.electrolux-professional.se\/\" target=\"_blank\" rel=\"noopener\">Electrolux Professional AB, svensk sida<\/a><\/li><li><a href=\"http:\/\/professional.electrolux.com\/\" target=\"_blank\" rel=\"noopener\">Electrolux Professional AB, engelsk sida<\/a><\/li><li><a href=\"http:\/\/www.arla.se\/\" target=\"_blank\" rel=\"noopener\">Arla Foods<\/a><\/li><li><a href=\"http:\/\/www.asperofisk.com\/\" target=\"_blank\" rel=\"noopener\">Asper\u00f6fisk<\/a><\/li><li><a href=\"http:\/\/www.steinbrenner-nyberg.se\/\" target=\"_blank\" rel=\"noopener\">Conditori Chocolatier Steinbrenner &amp; Nyberg<\/a><\/li><li><a href=\"http:\/\/www.hush.se\/opn\/\" target=\"_blank\" rel=\"noopener\">Hush\u00e5llningss\u00e4llskapen V\u00e4stra G\u00f6taland<\/a><\/li><li><a href=\"http:\/\/www.kokbokhandeln.se\/\" target=\"_blank\" rel=\"noopener\">Kokbokhandeln Connoisseur Bokhandel AB<\/a><\/li><li><a href=\"http:\/\/www\/\" target=\"_blank\" rel=\"noopener\">Larsson &amp; Partner AB<\/a><\/li><li><a href=\"http:\/\/www.mesan.com\/\" target=\"_blank\" rel=\"noopener\">Mes\u00e1n System AB<\/a><\/li><li><a href=\"http:\/\/www.mkabgbg.se\/\" target=\"_blank\" rel=\"noopener\">MKAB stork\u00f6k<\/a><\/li><li><a href=\"http:\/\/www.passionformat.se\/\" target=\"_blank\" rel=\"noopener\">Passion f\u00f6r Mat<\/a><\/li><li><a href=\"http:\/\/www.santamaria.se\/\" target=\"_blank\" rel=\"noopener\">Santa Maria AB<\/a><\/li><li><a href=\"http:\/\/www.28plus.se\/\" target=\"_blank\" rel=\"noopener\">Restaurang 28+<\/a><\/li><li><a href=\"http:\/\/www.sik.se\/\" target=\"_blank\" rel=\"noopener\">SIK, Institutet f\u00f6r Livsmedel och Bioteknik<\/a><\/li><li><a href=\"http:\/\/www.valrhona.com\/\" target=\"_blank\" rel=\"noopener\">Valrhona chocolat<\/a><\/li><li><a href=\"http:\/\/www.sparbanksstiftelsenvast.se\/\" target=\"_blank\" rel=\"noopener\">Sparbanksstiftelsen V\u00e4st<\/a><\/li><li><a href=\"http:\/\/www.swefair.se\/\" target=\"_blank\" rel=\"noopener\">Svenska M\u00e4ssan<\/a><\/li><li><a href=\"http:\/\/www.vgak.info\/vanf\" target=\"_blank\" rel=\"noopener\">V\u00e4nf\u00f6reningen<\/a><\/li><\/ul>\n","protected":false},"excerpt":{"rendered":"<p>V\u00e4lkommen till Akademins arkivsidor 1995-2015Akademins aktuella sida hittar du p\u00e5 vgak.se V\u00c4STRA GASTRONOMISKA AKADEMIN har till uppgift att fr\u00e4mja matkulturen i V\u00e4stra Sverige. Detta kan ske genom att framst\u00e5ende prestationer uppm\u00e4rksammas och att arrangemang inom akademins omr\u00e5de ges st\u00f6d. F\u00f6rutom kokkonst och servering ing\u00e5r odling, produktion och distribution av livsmedel i akademins intresseomr\u00e5den; praktiska s\u00e5v\u00e4l [&hellip;]<\/p>\n","protected":false},"author":6,"featured_media":0,"parent":0,"menu_order":0,"comment_status":"closed","ping_status":"closed","template":"","meta":{"hide_page_title":"","footnotes":""},"class_list":["post-5","page","type-page","status-publish","hentry"],"_links":{"self":[{"href":"https:\/\/vgak.info\/index.php?rest_route=\/wp\/v2\/pages\/5","targetHints":{"allow":["GET"]}}],"collection":[{"href":"https:\/\/vgak.info\/index.php?rest_route=\/wp\/v2\/pages"}],"about":[{"href":"https:\/\/vgak.info\/index.php?rest_route=\/wp\/v2\/types\/page"}],"author":[{"embeddable":true,"href":"https:\/\/vgak.info\/index.php?rest_route=\/wp\/v2\/users\/6"}],"replies":[{"embeddable":true,"href":"https:\/\/vgak.info\/index.php?rest_route=%2Fwp%2Fv2%2Fcomments&post=5"}],"version-history":[{"count":59,"href":"https:\/\/vgak.info\/index.php?rest_route=\/wp\/v2\/pages\/5\/revisions"}],"predecessor-version":[{"id":662,"href":"https:\/\/vgak.info\/index.php?rest_route=\/wp\/v2\/pages\/5\/revisions\/662"}],"wp:attachment":[{"href":"https:\/\/vgak.info\/index.php?rest_route=%2Fwp%2Fv2%2Fmedia&parent=5"}],"curies":[{"name":"wp","href":"https:\/\/api.w.org\/{rel}","templated":true}]}}