{"id":473,"date":"2011-04-06T21:14:09","date_gmt":"2011-04-06T20:14:09","guid":{"rendered":"https:\/\/vgak.info\/?page_id=473"},"modified":"2011-04-06T21:33:25","modified_gmt":"2011-04-06T20:33:25","slug":"symposium-vii","status":"publish","type":"page","link":"https:\/\/vgak.info\/?page_id=473","title":{"rendered":"Symposium VII"},"content":{"rendered":"<p><strong>SYMPOSIETS GRUND<\/strong><\/p>\n<p>&#8211;   S\u00e5 mycket uppm\u00e4rksamhet har under m\u00e5nga \u00e5r g\u00e5tt till stj\u00e4rnkockar i \u00e0 la carterestauranger \u2013 \u00e4ven fr\u00e5n Akademins sida. Men att fr\u00e4mja skapandet av god och n\u00e4rande mat f\u00f6r alla, dvs lyfta vardagens math\u00e5llning \u00e4r en viktig uppgift f\u00f6r en Akademi som vill fr\u00e4mja den goda maten<br \/>\n&#8211;   Mycket stora grupper personal inom stork\u00f6ken, antingen det \u00e4r i privat eller offentlig regi, g\u00e5r i pension i en n\u00e4ra framtid \u2013 det \u00e4r ett ypperligt l\u00e4ge att ta ett strategiskt beslut att rekrytera bra, v\u00e4lutbildade, ambtiti\u00f6sa kockar som vill utveckla stork\u00f6ksmatlagningen<br \/>\n&#8211;   Ny teknologi underl\u00e4ttar i h\u00f6g grad ett s\u00e5dant beslut \u2013 de unga \u00e4r v\u00e4l f\u00f6rtrogna med att ta ut allt av den teknik de m\u00f6ter, t ex att programmera ugnar\u2026<br \/>\n&#8211;   Lokala r\u00e5varor, n\u00e4rodlat, ekologiskt, h\u00e5llbar utveckling\u2026har blivit v\u00e4rdeord som signalerar medveten matlagning och f\u00f6rknippas med god mat, lagad fr\u00e5n grunden.<br \/>\n&#8211;   P\u00e5 sikt s\u00e4tter man p\u00e5 detta s\u00e4tt ny standard f\u00f6r hur god mat ska smaka \u2013 \u00e4ven i stork\u00f6k!<br \/>\n&#8211; Detta \u00e4r m\u00e5ls\u00e4ttningen med Akademins Electroluxpris och detta symposium.<\/p>\n<p>Klicka p\u00e5 bilden nedan f\u00f6r att komma till Symposiets egna sida. <\/p>\n<p><a href=\"http:\/\/www.modernmatlagning.se\/\"><img loading=\"lazy\" decoding=\"async\" src=\"https:\/\/vgak.info\/wp-content\/uploads\/2011\/04\/logo-111-300x63.png\" alt=\"\" title=\"logo-11\" width=\"300\" height=\"63\" class=\"alignnone size-medium wp-image-475\" srcset=\"https:\/\/vgak.info\/wp-content\/uploads\/2011\/04\/logo-111-300x63.png 300w, https:\/\/vgak.info\/wp-content\/uploads\/2011\/04\/logo-111.png 940w\" sizes=\"auto, (max-width: 300px) 100vw, 300px\" \/><\/a><\/p>\n","protected":false},"excerpt":{"rendered":"<p>SYMPOSIETS GRUND &#8211; S\u00e5 mycket uppm\u00e4rksamhet har under m\u00e5nga \u00e5r g\u00e5tt till stj\u00e4rnkockar i \u00e0 la carterestauranger \u2013 \u00e4ven fr\u00e5n Akademins sida. Men att fr\u00e4mja skapandet av god och n\u00e4rande mat f\u00f6r alla, dvs lyfta vardagens math\u00e5llning \u00e4r en viktig uppgift f\u00f6r en Akademi som vill fr\u00e4mja den goda maten &#8211; Mycket stora grupper personal [&hellip;]<\/p>\n","protected":false},"author":7,"featured_media":0,"parent":14,"menu_order":0,"comment_status":"closed","ping_status":"closed","template":"","meta":{"hide_page_title":"","footnotes":""},"class_list":["post-473","page","type-page","status-publish","hentry"],"_links":{"self":[{"href":"https:\/\/vgak.info\/index.php?rest_route=\/wp\/v2\/pages\/473","targetHints":{"allow":["GET"]}}],"collection":[{"href":"https:\/\/vgak.info\/index.php?rest_route=\/wp\/v2\/pages"}],"about":[{"href":"https:\/\/vgak.info\/index.php?rest_route=\/wp\/v2\/types\/page"}],"author":[{"embeddable":true,"href":"https:\/\/vgak.info\/index.php?rest_route=\/wp\/v2\/users\/7"}],"replies":[{"embeddable":true,"href":"https:\/\/vgak.info\/index.php?rest_route=%2Fwp%2Fv2%2Fcomments&post=473"}],"version-history":[{"count":5,"href":"https:\/\/vgak.info\/index.php?rest_route=\/wp\/v2\/pages\/473\/revisions"}],"predecessor-version":[{"id":481,"href":"https:\/\/vgak.info\/index.php?rest_route=\/wp\/v2\/pages\/473\/revisions\/481"}],"up":[{"embeddable":true,"href":"https:\/\/vgak.info\/index.php?rest_route=\/wp\/v2\/pages\/14"}],"wp:attachment":[{"href":"https:\/\/vgak.info\/index.php?rest_route=%2Fwp%2Fv2%2Fmedia&parent=473"}],"curies":[{"name":"wp","href":"https:\/\/api.w.org\/{rel}","templated":true}]}}