{"id":44,"date":"2009-03-13T16:52:51","date_gmt":"2009-03-13T15:52:51","guid":{"rendered":"https:\/\/vgak.info\/devwork\/?page_id=44"},"modified":"2015-05-05T09:44:24","modified_gmt":"2015-05-05T08:44:24","slug":"emeriti","status":"publish","type":"page","link":"https:\/\/vgak.info\/?page_id=44","title":{"rendered":"Emeriti"},"content":{"rendered":"<p style=\"text-align: center;\"><img loading=\"lazy\" decoding=\"async\" class=\"aligncenter\" src=\"http:\/\/www.vgak.info\/images\/tidled.jpg\" alt=\"\" width=\"453\" height=\"148\" \/><\/p>\n<blockquote>\n<ul>\n<li>Ingvar Nordin, Fil Dr, botanist, G\u00f6teborg<\/li>\n<li>Katja Palmdahl, Kallsk\u00e4nka, Vallda<\/li>\n<li>Urban Nyberg, Konditor, Steinbrenner &amp; Nyberg, M\u00f6lndal<\/li>\n<li>Leif Berndtsson, Agronom h\u00f6gskolan i v\u00e4st, Orust<\/li>\n<li>Britt Hallberg, Journalist, F\u00e4rila<\/li>\n<li>Stefan Holmstr\u00f6m, Restaurat\u00f6r, Mahults herrg\u00e5rd, Siml\u00e5ngsdalen (\u00f6verf\u00f6rd till Sk\u00e5nel\u00e4ndska Gastronomiska Akademin)<\/li>\n<\/ul>\n<\/blockquote>\n<p style=\"text-align: center;\"><img decoding=\"async\" src=\"http:\/\/www.vgak.info\/images\/c3.jpg\" alt=\"\" \/><\/p>\n","protected":false},"excerpt":{"rendered":"<p>Ingvar Nordin, Fil Dr, botanist, G\u00f6teborg Katja Palmdahl, Kallsk\u00e4nka, Vallda Urban Nyberg, Konditor, Steinbrenner &amp; Nyberg, M\u00f6lndal Leif Berndtsson, Agronom h\u00f6gskolan i v\u00e4st, Orust Britt Hallberg, Journalist, F\u00e4rila Stefan Holmstr\u00f6m, Restaurat\u00f6r, Mahults herrg\u00e5rd, Siml\u00e5ngsdalen (\u00f6verf\u00f6rd till Sk\u00e5nel\u00e4ndska Gastronomiska Akademin)<\/p>\n","protected":false},"author":6,"featured_media":0,"parent":8,"menu_order":2,"comment_status":"closed","ping_status":"closed","template":"","meta":{"hide_page_title":"","footnotes":""},"class_list":["post-44","page","type-page","status-publish","hentry"],"_links":{"self":[{"href":"https:\/\/vgak.info\/index.php?rest_route=\/wp\/v2\/pages\/44","targetHints":{"allow":["GET"]}}],"collection":[{"href":"https:\/\/vgak.info\/index.php?rest_route=\/wp\/v2\/pages"}],"about":[{"href":"https:\/\/vgak.info\/index.php?rest_route=\/wp\/v2\/types\/page"}],"author":[{"embeddable":true,"href":"https:\/\/vgak.info\/index.php?rest_route=\/wp\/v2\/users\/6"}],"replies":[{"embeddable":true,"href":"https:\/\/vgak.info\/index.php?rest_route=%2Fwp%2Fv2%2Fcomments&post=44"}],"version-history":[{"count":11,"href":"https:\/\/vgak.info\/index.php?rest_route=\/wp\/v2\/pages\/44\/revisions"}],"predecessor-version":[{"id":46,"href":"https:\/\/vgak.info\/index.php?rest_route=\/wp\/v2\/pages\/44\/revisions\/46"}],"up":[{"embeddable":true,"href":"https:\/\/vgak.info\/index.php?rest_route=\/wp\/v2\/pages\/8"}],"wp:attachment":[{"href":"https:\/\/vgak.info\/index.php?rest_route=%2Fwp%2Fv2%2Fmedia&parent=44"}],"curies":[{"name":"wp","href":"https:\/\/api.w.org\/{rel}","templated":true}]}}