{"id":436,"date":"2011-04-06T20:41:39","date_gmt":"2011-04-06T19:41:39","guid":{"rendered":"https:\/\/vgak.info\/?page_id=436"},"modified":"2011-04-06T21:04:44","modified_gmt":"2011-04-06T20:04:44","slug":"pristagare-2011","status":"publish","type":"page","link":"https:\/\/vgak.info\/?page_id=436","title":{"rendered":"Pristagare 2011"},"content":{"rendered":"<h1>Akademins pristagare 2011<\/h1>\n<p>V\u00e4stra Gastronomiska Akademin bel\u00f6nar vid sin \u00e5rsh\u00f6gtid 5 maj 2011 personer som bidragit till \u00f6kade kunskaper och f\u00f6r\u00e4ndrade attityder till svensk matkultur. Prisutdelningen f\u00f6rr\u00e4ttas av Landsh\u00f6vdingen i V\u00e4stra G\u00f6talands l\u00e4n, Lars B\u00e4ckstr\u00f6m, samt Akademins Preses Birgitta Rasmusson.<\/p>\n<p><img loading=\"lazy\" decoding=\"async\" src=\"https:\/\/vgak.info\/wp-content\/uploads\/2011\/04\/69121.jpg\" alt=\"\" title=\"69121\" width=\"361\" height=\"176\" class=\"alignnone size-full wp-image-449\" srcset=\"https:\/\/vgak.info\/wp-content\/uploads\/2011\/04\/69121.jpg 361w, https:\/\/vgak.info\/wp-content\/uploads\/2011\/04\/69121-300x146.jpg 300w\" sizes=\"auto, (max-width: 361px) 100vw, 361px\" \/><\/p>\n<h2><strong>Bengt Persson, Adels\u00e5sen Kalkon.<\/strong><\/h2>\n<p><em>\u201dF\u00f6r produkter med utm\u00e4rkt h\u00f6g kvalitet.\u201d<\/em> lyder Akademins motivering.<\/p>\n<p>Adels\u00e5sens Kalkong\u00e5rd \u00e4r ett litet familjef\u00f6retag, bel\u00e4get i Stora Levene ca 8 km fr\u00e5n Vara i V\u00e4sterg\u00f6tland. P\u00e5 g\u00e5rden finns 3000 avelsdjur\/\u00e5r. Produktionen fr\u00e5n dessa ger ca 10 000 \u00e4gg per vecka.<\/p>\n<p><strong>Bengt Persson, Adels\u00e5sen Kalkon.<\/strong><br \/>\nAdels\u00e5sen 1, 53493 Stora Levene<br \/>\n<strong>Tel:<\/strong> 0707-356396, 0512-60114<br \/>\n<a href=\"http:\/\/www.adelsasen.se\">www.adelsasen.se<\/a><br \/>\nbengt.adelsasen@telia.com<\/p>\n<p><img loading=\"lazy\" decoding=\"async\" src=\"https:\/\/vgak.info\/wp-content\/uploads\/2011\/04\/images.jpg\" alt=\"\" title=\"images\" width=\"116\" height=\"113\" class=\"alignnone size-full wp-image-454\" \/><\/p>\n<h2><strong>Sven-Olof och  Frederick Larsson<br \/>\nSignal &#038; Andersson Charkuterifabrik AB<\/strong><\/h2>\n<p><em>\u201dTill dynamiska f\u00f6retagsledare med en intensiv produktutveckling, d\u00e4r vi s\u00e4rskilt gl\u00e4der oss \u00e5t den svenska produktlinjen.\u201d<\/em><\/p>\n<p>Signal &#038; Andersson tillverkar k\u00f6tt- och charkuterivaror och ska med h\u00f6gsta m\u00f6jliga servicegrad tillgodose behovet hos grossister, detaljister och storhush\u00e5ll. V\u00e5rt motto \u00e4r h\u00f6gsta kvalit\u00e9 till sparsamma priser. <\/p>\n<p><strong>Sven Olof Larsson<\/strong><br \/>\n031-\u00ad774848<br \/>\nolof@signal-andersson.com<br \/>\n<strong>Frederick Larsson<\/strong><br \/>\n031-774844<br \/>\nfrederick@signal-andersson.com<br \/>\nSignal &#038; Andersson Charkuterifabrik AB<br \/>\nBox 9133, 493 G\u00f6teborg<br \/>\n031-7074840<br \/>\n<a href=\"http:\/\/www.signal-andersson.com\">www.signal-andersson.com<\/a><\/p>\n<p><img loading=\"lazy\" decoding=\"async\" src=\"https:\/\/vgak.info\/wp-content\/uploads\/2011\/04\/skarpsill2007_savolax.jpg\" alt=\"\" title=\"skarpsill2007_savolax\" width=\"465\" height=\"218\" class=\"alignnone size-full wp-image-465\" srcset=\"https:\/\/vgak.info\/wp-content\/uploads\/2011\/04\/skarpsill2007_savolax.jpg 465w, https:\/\/vgak.info\/wp-content\/uploads\/2011\/04\/skarpsill2007_savolax-300x140.jpg 300w\" sizes=\"auto, (max-width: 465px) 100vw, 465px\" \/><\/p>\n<h2><strong>Anna Magnuson, Savolax Eurofish AB<\/strong><\/h2>\n<p><em>\u201dF\u00f6r kompromissl\u00f6st kvalitetsmedvetande, som givit begreppet r\u00f6kt lax en ny inneb\u00f6rd.\u201d<\/em><\/p>\n<p>Vi v\u00e4rnar traditionerna, men p\u00e5 v\u00e5rt eget speciella s\u00e4tt. D\u00e4r moderna metoder ger ett smakligare resultat anv\u00e4nder vi dem, annars g\u00f6r vi precis som man gjorde f\u00f6rr. N\u00e4r det g\u00e4ller smak accepterar vi inga kompromisser.<\/p>\n<p><strong>Anna Magnuson<\/strong><br \/>\n031-7752975<br \/>\nSavolax Eurofish AB<br \/>\nFiskhamnen Hall C, 41458 G\u00f6teborg<br \/>\n<a href=\"http:\/\/www.savolax.com\">www.savolax.com<\/a><br \/>\ninfo@savolax.com<\/p>\n<p><img loading=\"lazy\" decoding=\"async\" src=\"https:\/\/vgak.info\/wp-content\/uploads\/2011\/04\/026_logo_OB-300x64.jpg\" alt=\"\" title=\"026_logo_OB\" width=\"300\" height=\"64\" class=\"alignnone size-medium wp-image-461\" srcset=\"https:\/\/vgak.info\/wp-content\/uploads\/2011\/04\/026_logo_OB-300x64.jpg 300w, https:\/\/vgak.info\/wp-content\/uploads\/2011\/04\/026_logo_OB-1024x219.jpg 1024w\" sizes=\"auto, (max-width: 300px) 100vw, 300px\" \/><\/p>\n<h2><strong>Rodrigo Andersson och Thomas bingebo<br \/>\nOcean brewery AB<\/strong><\/h2>\n<p><em>\u201dF\u00f6r att framg\u00e5ngsrikt ha skapat och lanserat ett brett sortiment \u00f6l med karakt\u00e4r.\u201d<\/em><\/p>\n<p>Oceanbryggeriet brygger sin \u00f6l i gamla Lyckholms bryggeriets lokaler i G\u00f6teborg. Bryggeriverket har under sin livsl\u00e4ngd tidigare tj\u00e4nat f\u00f6r ett bryggeri p\u00e5 V\u00e4stkusten, men \u00e4ven f\u00f6r ett utav de mest framg\u00e5ngsrika i Sverige. V\u00e5r bryggare Thomas Bingebo har tidigare bryggt \u00f6l p\u00e5 Irland och hos J\u00e4mtlandsbryggeri. <\/p>\n<p><strong>Rodrigo Andersson<\/strong><br \/>\n0707-693001<br \/>\n<strong>Thomas Bingebo<\/strong><br \/>\n0730-842394<br \/>\nOcean brewery AB<br \/>\nSk\u00e5rs Led 2 Lokal 12 C, 41265 G\u00f6teborg<br \/>\n031 &#8211; 409600<br \/>\n<a href=\"http:\/\/www.oceanbryggeriet.se\">www.oceanbryggeriet.se<\/a><br \/>\noceanbryggeriet@gmail.com<\/p>\n<p><img loading=\"lazy\" decoding=\"async\" src=\"https:\/\/vgak.info\/wp-content\/uploads\/2011\/04\/FOTLOG1.jpg\" alt=\"\" title=\"FOTLOG\" width=\"126\" height=\"148\" class=\"alignnone size-full wp-image-463\" \/><\/p>\n<h2><strong>Thomas Berglund, Alm\u00e4s Bruk AB<\/strong><\/h2>\n<p><em>\u201dF\u00f6r kreativ och framsynt f\u00f6retagsutveckling i gastronomins tj\u00e4nst.\u201d<\/em><\/p>\n<p>Almn\u00e4s Bruk vid V\u00e4ttern s\u00f6der om Hjo \u00e4r idag ett av Sveriges st\u00f6rsta ekologiska jordbruk och en av Sveriges st\u00f6rsta producenter av KRAV-godk\u00e4nd mj\u00f6lk.<br \/>\nG\u00e5rden best\u00e5r idag av 2 200 hektar skog och 1000 hektar \u00e5kermark samt en v\u00e4l samlad g\u00e5rdsbebyggelse med en vacker mang\u00e5rdsbyggnad och m\u00e5nga \u00e4ldre, fint bevarade ekonomibyggnader.<\/p>\n<p><strong>Thomas Berglund<\/strong><br \/>\nAlm\u00e4s Bruk AB<br \/>\n0705-850621<br \/>\ntb@almnas.com<br \/>\nAlmn\u00e4s, 54494 Hjo<br \/>\n503-16005<br \/>\n<a href=\"http:\/\/www.almnas.com\">www.almnas.com<\/a><\/p>\n","protected":false},"excerpt":{"rendered":"<p>Akademins pristagare 2011 V\u00e4stra Gastronomiska Akademin bel\u00f6nar vid sin \u00e5rsh\u00f6gtid 5 maj 2011 personer som bidragit till \u00f6kade kunskaper och f\u00f6r\u00e4ndrade attityder till svensk matkultur. Prisutdelningen f\u00f6rr\u00e4ttas av Landsh\u00f6vdingen i V\u00e4stra G\u00f6talands l\u00e4n, Lars B\u00e4ckstr\u00f6m, samt Akademins Preses Birgitta Rasmusson. Bengt Persson, Adels\u00e5sen Kalkon. \u201dF\u00f6r produkter med utm\u00e4rkt h\u00f6g kvalitet.\u201d lyder Akademins motivering. Adels\u00e5sens Kalkong\u00e5rd [&hellip;]<\/p>\n","protected":false},"author":7,"featured_media":0,"parent":12,"menu_order":-5,"comment_status":"closed","ping_status":"closed","template":"","meta":{"hide_page_title":"","footnotes":""},"class_list":["post-436","page","type-page","status-publish","hentry"],"_links":{"self":[{"href":"https:\/\/vgak.info\/index.php?rest_route=\/wp\/v2\/pages\/436","targetHints":{"allow":["GET"]}}],"collection":[{"href":"https:\/\/vgak.info\/index.php?rest_route=\/wp\/v2\/pages"}],"about":[{"href":"https:\/\/vgak.info\/index.php?rest_route=\/wp\/v2\/types\/page"}],"author":[{"embeddable":true,"href":"https:\/\/vgak.info\/index.php?rest_route=\/wp\/v2\/users\/7"}],"replies":[{"embeddable":true,"href":"https:\/\/vgak.info\/index.php?rest_route=%2Fwp%2Fv2%2Fcomments&post=436"}],"version-history":[{"count":25,"href":"https:\/\/vgak.info\/index.php?rest_route=\/wp\/v2\/pages\/436\/revisions"}],"predecessor-version":[{"id":460,"href":"https:\/\/vgak.info\/index.php?rest_route=\/wp\/v2\/pages\/436\/revisions\/460"}],"up":[{"embeddable":true,"href":"https:\/\/vgak.info\/index.php?rest_route=\/wp\/v2\/pages\/12"}],"wp:attachment":[{"href":"https:\/\/vgak.info\/index.php?rest_route=%2Fwp%2Fv2%2Fmedia&parent=436"}],"curies":[{"name":"wp","href":"https:\/\/api.w.org\/{rel}","templated":true}]}}