{"id":375,"date":"2010-03-30T10:16:46","date_gmt":"2010-03-30T09:16:46","guid":{"rendered":"https:\/\/vgak.info\/?page_id=375"},"modified":"2013-04-15T10:17:01","modified_gmt":"2013-04-15T09:17:01","slug":"artiklar-2010","status":"publish","type":"page","link":"https:\/\/vgak.info\/?page_id=375","title":{"rendered":"Artiklar 2010"},"content":{"rendered":"<h1>Artiklar i Restaurang och Stork\u00f6k 2010<\/h1>\n<h3 style=\"color: #46739b;\">April nummer 3<\/h3>\n<hr size=\"1\" \/>\n<h2>Bohusl\u00e4ns gastronomi i fokus n\u00e4r \u00e5rets pristagare uts\u00e5gs<\/h2>\n<p><img decoding=\"async\" class=\"size-full wp-image-291 alignright\" title=\"rs-maj-09\" src=\"https:\/\/vgak.info\/wp-content\/uploads\/2010\/03\/rs10.jpg\" alt=\"\" \/>Att ett kustlandskap och dess matkultur pr\u00e4glas av vad havet kan ge \u00e4r nog sj\u00e4lvklart f\u00f6r de flesta, men bakom den omedelbara kustlinjen bedrivs det \u00e4ven h\u00f6gkvalitativ k\u00f6ttproduktion som Akademin ocks\u00e5 vill uppm\u00e4rksamma.<\/p>\n<address>av Jan Schultze<\/address>\n<p><a href=\"https:\/\/vgak.info\/wp-content\/uploads\/2010\/03\/rsapril32010.pdf\" target=\"_blank\">\u00bb L\u00e4s hela artikeln (pdf) <\/a><\/p>\n","protected":false},"excerpt":{"rendered":"<p>Artiklar i Restaurang och Stork\u00f6k 2010 April nummer 3 Bohusl\u00e4ns gastronomi i fokus n\u00e4r \u00e5rets pristagare uts\u00e5gs Att ett kustlandskap och dess matkultur pr\u00e4glas av vad havet kan ge \u00e4r nog sj\u00e4lvklart f\u00f6r de flesta, men bakom den omedelbara kustlinjen bedrivs det \u00e4ven h\u00f6gkvalitativ k\u00f6ttproduktion som Akademin ocks\u00e5 vill uppm\u00e4rksamma. av Jan Schultze \u00bb L\u00e4s [&hellip;]<\/p>\n","protected":false},"author":7,"featured_media":0,"parent":164,"menu_order":6,"comment_status":"closed","ping_status":"closed","template":"","meta":{"hide_page_title":"","footnotes":""},"class_list":["post-375","page","type-page","status-publish","hentry"],"_links":{"self":[{"href":"https:\/\/vgak.info\/index.php?rest_route=\/wp\/v2\/pages\/375","targetHints":{"allow":["GET"]}}],"collection":[{"href":"https:\/\/vgak.info\/index.php?rest_route=\/wp\/v2\/pages"}],"about":[{"href":"https:\/\/vgak.info\/index.php?rest_route=\/wp\/v2\/types\/page"}],"author":[{"embeddable":true,"href":"https:\/\/vgak.info\/index.php?rest_route=\/wp\/v2\/users\/7"}],"replies":[{"embeddable":true,"href":"https:\/\/vgak.info\/index.php?rest_route=%2Fwp%2Fv2%2Fcomments&post=375"}],"version-history":[{"count":6,"href":"https:\/\/vgak.info\/index.php?rest_route=\/wp\/v2\/pages\/375\/revisions"}],"predecessor-version":[{"id":528,"href":"https:\/\/vgak.info\/index.php?rest_route=\/wp\/v2\/pages\/375\/revisions\/528"}],"up":[{"embeddable":true,"href":"https:\/\/vgak.info\/index.php?rest_route=\/wp\/v2\/pages\/164"}],"wp:attachment":[{"href":"https:\/\/vgak.info\/index.php?rest_route=%2Fwp%2Fv2%2Fmedia&parent=375"}],"curies":[{"name":"wp","href":"https:\/\/api.w.org\/{rel}","templated":true}]}}