{"id":331,"date":"2009-05-15T13:17:16","date_gmt":"2009-05-15T12:17:16","guid":{"rendered":"https:\/\/vgak.info\/?page_id=331"},"modified":"2009-05-20T08:40:13","modified_gmt":"2009-05-20T07:40:13","slug":"arshogtid-2009-mariestad","status":"publish","type":"page","link":"https:\/\/vgak.info\/?page_id=331","title":{"rendered":"\u00c5rsh\u00f6gtid 2009 Mariestad"},"content":{"rendered":"<h2>\u00c5rsh\u00f6gtid 2009 Mariestad<\/h2>\n<p style=\"text-align: center;\">[nggallery id=2]<\/p>\n","protected":false},"excerpt":{"rendered":"<p>\u00c5rsh\u00f6gtid 2009 Mariestad [nggallery id=2]<\/p>\n","protected":false},"author":6,"featured_media":0,"parent":326,"menu_order":0,"comment_status":"closed","ping_status":"closed","template":"","meta":{"hide_page_title":"","footnotes":""},"class_list":["post-331","page","type-page","status-publish","hentry"],"_links":{"self":[{"href":"https:\/\/vgak.info\/index.php?rest_route=\/wp\/v2\/pages\/331","targetHints":{"allow":["GET"]}}],"collection":[{"href":"https:\/\/vgak.info\/index.php?rest_route=\/wp\/v2\/pages"}],"about":[{"href":"https:\/\/vgak.info\/index.php?rest_route=\/wp\/v2\/types\/page"}],"author":[{"embeddable":true,"href":"https:\/\/vgak.info\/index.php?rest_route=\/wp\/v2\/users\/6"}],"replies":[{"embeddable":true,"href":"https:\/\/vgak.info\/index.php?rest_route=%2Fwp%2Fv2%2Fcomments&post=331"}],"version-history":[{"count":3,"href":"https:\/\/vgak.info\/index.php?rest_route=\/wp\/v2\/pages\/331\/revisions"}],"predecessor-version":[{"id":335,"href":"https:\/\/vgak.info\/index.php?rest_route=\/wp\/v2\/pages\/331\/revisions\/335"}],"up":[{"embeddable":true,"href":"https:\/\/vgak.info\/index.php?rest_route=\/wp\/v2\/pages\/326"}],"wp:attachment":[{"href":"https:\/\/vgak.info\/index.php?rest_route=%2Fwp%2Fv2%2Fmedia&parent=331"}],"curies":[{"name":"wp","href":"https:\/\/api.w.org\/{rel}","templated":true}]}}