{"id":33,"date":"2009-03-13T16:27:16","date_gmt":"2009-03-13T15:27:16","guid":{"rendered":"https:\/\/vgak.info\/devwork\/?page_id=33"},"modified":"2022-05-05T21:40:04","modified_gmt":"2022-05-05T20:40:04","slug":"kontakt","status":"publish","type":"page","link":"https:\/\/vgak.info\/?page_id=33","title":{"rendered":"Kontakt"},"content":{"rendered":"<p><img decoding=\"async\" src=\"http:\/\/www.vgak.info\/images\/kontakt.jpg\" alt=\"\" \/><\/p>\n<p><strong>Vi n\u00e5s p\u00e5 v\u00e5r adress:<\/strong><\/p>\n<blockquote>\n<p>V\u00e4stra Gastronomiska Akademin<br \/>Gibraltargatan 10<br \/>411 32 G\u00f6teborg<br \/><a href=\"http:\/\/vgak.info\">www.vgak.se<\/a><br \/><a href=\"mailto:info2@vgak.info\">info@vgak.info<\/a><br \/>Orgnummer: 857207-9575<\/p>\n<\/blockquote>\n\n\n<p><\/p>\n","protected":false},"excerpt":{"rendered":"<p>Vi n\u00e5s p\u00e5 v\u00e5r adress: V\u00e4stra Gastronomiska AkademinGibraltargatan 10411 32 G\u00f6teborgwww.vgak.seinfo@vgak.infoOrgnummer: 857207-9575<\/p>\n","protected":false},"author":6,"featured_media":0,"parent":5,"menu_order":0,"comment_status":"closed","ping_status":"closed","template":"","meta":{"hide_page_title":"","footnotes":""},"class_list":["post-33","page","type-page","status-publish","hentry"],"_links":{"self":[{"href":"https:\/\/vgak.info\/index.php?rest_route=\/wp\/v2\/pages\/33","targetHints":{"allow":["GET"]}}],"collection":[{"href":"https:\/\/vgak.info\/index.php?rest_route=\/wp\/v2\/pages"}],"about":[{"href":"https:\/\/vgak.info\/index.php?rest_route=\/wp\/v2\/types\/page"}],"author":[{"embeddable":true,"href":"https:\/\/vgak.info\/index.php?rest_route=\/wp\/v2\/users\/6"}],"replies":[{"embeddable":true,"href":"https:\/\/vgak.info\/index.php?rest_route=%2Fwp%2Fv2%2Fcomments&post=33"}],"version-history":[{"count":8,"href":"https:\/\/vgak.info\/index.php?rest_route=\/wp\/v2\/pages\/33\/revisions"}],"predecessor-version":[{"id":692,"href":"https:\/\/vgak.info\/index.php?rest_route=\/wp\/v2\/pages\/33\/revisions\/692"}],"up":[{"embeddable":true,"href":"https:\/\/vgak.info\/index.php?rest_route=\/wp\/v2\/pages\/5"}],"wp:attachment":[{"href":"https:\/\/vgak.info\/index.php?rest_route=%2Fwp%2Fv2%2Fmedia&parent=33"}],"curies":[{"name":"wp","href":"https:\/\/api.w.org\/{rel}","templated":true}]}}