{"id":300,"date":"2009-05-13T12:08:09","date_gmt":"2009-05-13T11:08:09","guid":{"rendered":"https:\/\/vgak.info\/?page_id=300"},"modified":"2022-05-05T21:40:52","modified_gmt":"2022-05-05T20:40:52","slug":"pressinfo","status":"publish","type":"page","link":"https:\/\/vgak.info\/?page_id=300","title":{"rendered":"Pressinfo"},"content":{"rendered":"<h2>Pressrelaterad information och arkiv.<\/h2>\n<p>H\u00e4r samlar vi information som kan vara av redaktionellt r\u00f6rande akademin. Saknar du n\u00e5got h\u00f6r g\u00e4rna av dig till oss p\u00e5 <a href=\"mailto:info2@vgak.info\">info@vgak.info<\/a><\/p>\n<h3>Bilder:<\/h3>\n<ul>\n<li>Akademins logotype (jpg\/xxx kB)<\/li>\n<\/ul>\n<h3>Pressreleaser till \u00e5rsh\u00f6gtider samt prisutdelningar:<\/h3>\n<ul>\n<li><a href=\"https:\/\/vgak.info\/wp-content\/uploads\/2009\/05\/pressrelease2008.pdf\">Pressrelease 2008 (pdf)<\/a><\/li>\n<li><a href=\"https:\/\/vgak.info\/wp-content\/uploads\/2009\/05\/pressrelease2007.pdf\">Pressrelease 2007 (pdf)<\/a><\/li>\n<li><a href=\"https:\/\/vgak.info\/wp-content\/uploads\/2009\/05\/pressrelease2006.pdf\">Pressrelease 2006 (pdf)<\/a><\/li>\n<\/ul>\n<h3>Material kring akademins symposium:<\/h3>\n<ul>\n<li><a href=\"https:\/\/vgak.info\/wp-content\/uploads\/2009\/05\/symp6.pdf\">Symposium VI, livsmedelss\u00e4kerhet (pdf)<\/a><\/li>\n<\/ul>\n","protected":false},"excerpt":{"rendered":"<p>Pressrelaterad information och arkiv. H\u00e4r samlar vi information som kan vara av redaktionellt r\u00f6rande akademin. Saknar du n\u00e5got h\u00f6r g\u00e4rna av dig till oss p\u00e5 info@vgak.info Bilder: Akademins logotype (jpg\/xxx kB) Pressreleaser till \u00e5rsh\u00f6gtider samt prisutdelningar: Pressrelease 2008 (pdf) Pressrelease 2007 (pdf) Pressrelease 2006 (pdf) Material kring akademins symposium: Symposium VI, livsmedelss\u00e4kerhet (pdf)<\/p>\n","protected":false},"author":6,"featured_media":0,"parent":5,"menu_order":0,"comment_status":"closed","ping_status":"closed","template":"","meta":{"hide_page_title":"","footnotes":""},"class_list":["post-300","page","type-page","status-publish","hentry"],"_links":{"self":[{"href":"https:\/\/vgak.info\/index.php?rest_route=\/wp\/v2\/pages\/300","targetHints":{"allow":["GET"]}}],"collection":[{"href":"https:\/\/vgak.info\/index.php?rest_route=\/wp\/v2\/pages"}],"about":[{"href":"https:\/\/vgak.info\/index.php?rest_route=\/wp\/v2\/types\/page"}],"author":[{"embeddable":true,"href":"https:\/\/vgak.info\/index.php?rest_route=\/wp\/v2\/users\/6"}],"replies":[{"embeddable":true,"href":"https:\/\/vgak.info\/index.php?rest_route=%2Fwp%2Fv2%2Fcomments&post=300"}],"version-history":[{"count":10,"href":"https:\/\/vgak.info\/index.php?rest_route=\/wp\/v2\/pages\/300\/revisions"}],"predecessor-version":[{"id":693,"href":"https:\/\/vgak.info\/index.php?rest_route=\/wp\/v2\/pages\/300\/revisions\/693"}],"up":[{"embeddable":true,"href":"https:\/\/vgak.info\/index.php?rest_route=\/wp\/v2\/pages\/5"}],"wp:attachment":[{"href":"https:\/\/vgak.info\/index.php?rest_route=%2Fwp%2Fv2%2Fmedia&parent=300"}],"curies":[{"name":"wp","href":"https:\/\/api.w.org\/{rel}","templated":true}]}}