{"id":28,"date":"2009-03-13T16:20:03","date_gmt":"2009-03-13T15:20:03","guid":{"rendered":"https:\/\/vgak.info\/devwork\/?page_id=28"},"modified":"2012-11-03T12:25:40","modified_gmt":"2012-11-03T11:25:40","slug":"sponsorer","status":"publish","type":"page","link":"https:\/\/vgak.info\/?page_id=28","title":{"rendered":"Samarbetspartners"},"content":{"rendered":"<p style=\"text-align: center;\"><img loading=\"lazy\" decoding=\"async\" class=\"aligncenter\" src=\"http:\/\/www.vgak.info\/images\/spons.jpg\" alt=\"\" width=\"453\" height=\"148\" \/><\/p>\n<p>V\u00e5ra sponsorer st\u00f6der akademin genom att inkomma med f\u00f6rslag och synpunkter samt med ekonomiska bidrag. Vi samverkar l\u00e5ngsiktigt med f\u00f6ljande f\u00f6retag.<\/p>\n<blockquote>\n<ul>\n<li><a href=\"http:\/\/www.abba.se\/\" target=\"_blank\">Abba Seafood<\/a><\/li>\n<li><a href=\"http:\/\/www.leroy.no\/\" target=\"_blank\">Ler\u00f6y Allt i Fisk AB<\/a><\/li>\n<li><a href=\"http:\/\/www.arla.se\/\" target=\"_blank\">Arla Foods<\/a><\/li>\n<li><a href=\"http:\/\/www.asperofisk.com\/\" target=\"_blank\">Asper\u00f6fisk<\/a><\/li>\n<li><a href=\"http:\/\/www.steinbrenner-nyberg.se\/\" target=\"_blank\">Conditori Chocolatier Steinbrenner &amp; Nyberg<\/a><\/li>\n<li><a href=\"http:\/\/www.hush.se\/opn\/\" target=\"_blank\">Hush\u00e5llningss\u00e4llskapen V\u00e4stra G\u00f6taland<\/a><\/li>\n<li><a href=\"http:\/\/www.kokbokhandeln.se\/\" target=\"_blank\">Kokbokhandeln Connoisseur AB<\/a><\/li>\n<li><a href=\"http:\/\/www\/\" target=\"_blank\">Larsson &amp; Partner AB<\/a><\/li>\n<li><a href=\"http:\/\/www.mesan.com\/\" target=\"_blank\">Mes\u00e1n System AB<\/a><\/li>\n<li><a href=\"http:\/\/www.mkabgbg.se\/\" target=\"_blank\">MKAB stork\u00f6k<\/a><\/li>\n<li><a href=\"http:\/\/www.passionformat.se\/\" target=\"_blank\">Passion f\u00f6r Mat, m\u00e4ssan<\/a><\/li>\n<li><a href=\"http:\/\/www.santamaria.se\/\" target=\"_blank\">Santa Maria AB<\/a><\/li>\n<li><a href=\"http:\/\/www.28plus.se\/\" target=\"_blank\">Restaurang 28+<\/a><\/li>\n<li><a href=\"http:\/\/www.sik.se\/\" target=\"_blank\">SIK, Institutet f\u00f6r Livsmedel och Bioteknik<\/a><\/li>\n<li><a href=\"http:\/\/www.simonssons.se\/\" target=\"_blank\">Simonssons chokladcompagnie, Valrhonachocolat<\/a><\/li>\n<li><a href=\"http:\/\/www.sparbanksstiftelsenvast.se\/\" target=\"_blank\">Sparbanksstiftelsen V\u00e4st<\/a><\/li>\n<li><a href=\"http:\/\/www.swefair.se\/\" target=\"_blank\">Svenska M\u00e4ssan<\/a><\/li>\n<li><a href=\"http:\/\/www.vgak.info\/vanf\" target=\"_blank\">V\u00e4nf\u00f6reningen<\/a><\/li>\n<\/ul>\n<\/blockquote>\n","protected":false},"excerpt":{"rendered":"<p>V\u00e5ra sponsorer st\u00f6der akademin genom att inkomma med f\u00f6rslag och synpunkter samt med ekonomiska bidrag. Vi samverkar l\u00e5ngsiktigt med f\u00f6ljande f\u00f6retag. Abba Seafood Ler\u00f6y Allt i Fisk AB Arla Foods Asper\u00f6fisk Conditori Chocolatier Steinbrenner &amp; Nyberg Hush\u00e5llningss\u00e4llskapen V\u00e4stra G\u00f6taland Kokbokhandeln Connoisseur AB Larsson &amp; Partner AB Mes\u00e1n System AB MKAB stork\u00f6k Passion f\u00f6r Mat, m\u00e4ssan [&hellip;]<\/p>\n","protected":false},"author":6,"featured_media":0,"parent":5,"menu_order":0,"comment_status":"closed","ping_status":"closed","template":"","meta":{"hide_page_title":"","footnotes":""},"class_list":["post-28","page","type-page","status-publish","hentry"],"_links":{"self":[{"href":"https:\/\/vgak.info\/index.php?rest_route=\/wp\/v2\/pages\/28","targetHints":{"allow":["GET"]}}],"collection":[{"href":"https:\/\/vgak.info\/index.php?rest_route=\/wp\/v2\/pages"}],"about":[{"href":"https:\/\/vgak.info\/index.php?rest_route=\/wp\/v2\/types\/page"}],"author":[{"embeddable":true,"href":"https:\/\/vgak.info\/index.php?rest_route=\/wp\/v2\/users\/6"}],"replies":[{"embeddable":true,"href":"https:\/\/vgak.info\/index.php?rest_route=%2Fwp%2Fv2%2Fcomments&post=28"}],"version-history":[{"count":5,"href":"https:\/\/vgak.info\/index.php?rest_route=\/wp\/v2\/pages\/28\/revisions"}],"predecessor-version":[{"id":511,"href":"https:\/\/vgak.info\/index.php?rest_route=\/wp\/v2\/pages\/28\/revisions\/511"}],"up":[{"embeddable":true,"href":"https:\/\/vgak.info\/index.php?rest_route=\/wp\/v2\/pages\/5"}],"wp:attachment":[{"href":"https:\/\/vgak.info\/index.php?rest_route=%2Fwp%2Fv2%2Fmedia&parent=28"}],"curies":[{"name":"wp","href":"https:\/\/api.w.org\/{rel}","templated":true}]}}