{"id":251,"date":"2009-05-14T11:00:56","date_gmt":"2009-05-14T10:00:56","guid":{"rendered":"https:\/\/vgak.info\/?page_id=251"},"modified":"2009-05-13T11:20:41","modified_gmt":"2009-05-13T10:20:41","slug":"arshogtid-2009","status":"publish","type":"page","link":"https:\/\/vgak.info\/?page_id=251","title":{"rendered":"\u00c5rsh\u00f6gtid 2009"},"content":{"rendered":"<h1>N\u00e4rproducerat, ekologiskt och Skaraborgskt<\/h1>\n<h1>dominerar n\u00e4r \u00e5rets pristagare uts\u00e5gs<\/h1>\n<p>V\u00e4stra Gastronomiska Akademin bel\u00f6nar torsdagen den 14 maj ett antal personer<br \/>\nsom bidragit till \u00f6kade kunskaper och f\u00f6r\u00e4ndrade attityder till svensk matkultur.<\/p>\n<p>Prisutdelningen f\u00f6rr\u00e4ttas av Landsh\u00f6vdingen i V\u00e4stra G\u00f6talands l\u00e4n,<br \/>\nLars B\u00e4ckstr\u00f6m, samt Akademins Preses Birgitta Rasmusson<br \/>\ni samband med Akademins \u00e5rsh\u00f6gtid p\u00e5 L\u00e4nsresidenset Marieholm i Mariestad.<\/p>\n<p><a href='https:\/\/vgak.info\/wp-content\/uploads\/2009\/05\/vgak_pressrelease-2009.pdf'>\u00bb L\u00e4s hela pressmeddelandet (pdf)<\/a><\/p>\n","protected":false},"excerpt":{"rendered":"<p>N\u00e4rproducerat, ekologiskt och Skaraborgskt dominerar n\u00e4r \u00e5rets pristagare uts\u00e5gs V\u00e4stra Gastronomiska Akademin bel\u00f6nar torsdagen den 14 maj ett antal personer som bidragit till \u00f6kade kunskaper och f\u00f6r\u00e4ndrade attityder till svensk matkultur. Prisutdelningen f\u00f6rr\u00e4ttas av Landsh\u00f6vdingen i V\u00e4stra G\u00f6talands l\u00e4n, Lars B\u00e4ckstr\u00f6m, samt Akademins Preses Birgitta Rasmusson i samband med Akademins \u00e5rsh\u00f6gtid p\u00e5 L\u00e4nsresidenset Marieholm i [&hellip;]<\/p>\n","protected":false},"author":6,"featured_media":0,"parent":10,"menu_order":37,"comment_status":"closed","ping_status":"closed","template":"","meta":{"hide_page_title":"","footnotes":""},"class_list":["post-251","page","type-page","status-publish","hentry"],"_links":{"self":[{"href":"https:\/\/vgak.info\/index.php?rest_route=\/wp\/v2\/pages\/251","targetHints":{"allow":["GET"]}}],"collection":[{"href":"https:\/\/vgak.info\/index.php?rest_route=\/wp\/v2\/pages"}],"about":[{"href":"https:\/\/vgak.info\/index.php?rest_route=\/wp\/v2\/types\/page"}],"author":[{"embeddable":true,"href":"https:\/\/vgak.info\/index.php?rest_route=\/wp\/v2\/users\/6"}],"replies":[{"embeddable":true,"href":"https:\/\/vgak.info\/index.php?rest_route=%2Fwp%2Fv2%2Fcomments&post=251"}],"version-history":[{"count":3,"href":"https:\/\/vgak.info\/index.php?rest_route=\/wp\/v2\/pages\/251\/revisions"}],"predecessor-version":[{"id":253,"href":"https:\/\/vgak.info\/index.php?rest_route=\/wp\/v2\/pages\/251\/revisions\/253"}],"up":[{"embeddable":true,"href":"https:\/\/vgak.info\/index.php?rest_route=\/wp\/v2\/pages\/10"}],"wp:attachment":[{"href":"https:\/\/vgak.info\/index.php?rest_route=%2Fwp%2Fv2%2Fmedia&parent=251"}],"curies":[{"name":"wp","href":"https:\/\/api.w.org\/{rel}","templated":true}]}}