{"id":25,"date":"2009-03-13T16:14:40","date_gmt":"2009-03-13T15:14:40","guid":{"rendered":"https:\/\/vgak.info\/devwork\/?page_id=25"},"modified":"2009-03-13T16:17:29","modified_gmt":"2009-03-13T15:17:29","slug":"stadgar","status":"publish","type":"page","link":"https:\/\/vgak.info\/?page_id=25","title":{"rendered":"Stadgar"},"content":{"rendered":"<h2>Stadgar f\u00f6r V\u00e4stra Gastronomiska Akademin<\/h2>\n<p>antagna vid h\u00f6gtidssammantr\u00e4det<br \/>\nden 15 november 1995<\/p>\n<blockquote>\n<ol>\n<li><strong>\u00c4NDAM\u00c5L<\/strong><br \/>\nV\u00e4stra Gastronomiska Akademin f\u00f6r har till uppgift att fr\u00e4mja matkulturen i V\u00e4stra Sverige. Detta kan ske genom att framst\u00e5ende prestationer uppm\u00e4rksammas och att arrangemang inom V\u00e4stra Gastronomiska Akademins omr\u00e5de ges st\u00f6d. Vad som \u00e4r V\u00e4stra Gastronomiska Akademins intresseomr\u00e5de skall tolkas i vidstr\u00e4ckt betydelse. F\u00f6rutom kokkonst och servering skall odling, produktion och distribution av livsmedel r\u00e4knas dit; praktiska s\u00e5v\u00e4l som pedagogiska insatser skall kunna f\u00e5 V\u00e4stra Akademins uppm\u00e4rksamhet och st\u00f6d. I m\u00f6tet med fr\u00e4mmande matkulturer skall V\u00e4stra Gastronomiska Akademin efterstr\u00e4va samf\u00f6rst\u00e5nd och s\u00e5dana kompromisser som inte inkr\u00e4ktar p\u00e5 n\u00e5gons egenart.<\/li>\n<li><strong>LEDAM\u00d6TER<\/strong><br \/>\nV\u00e4stra Gastronomiska Akademin skall ha h\u00f6gst 21 ledam\u00f6ter. Akademin v\u00e4ljer till ledamot personer vilkas kunskap kan vara av v\u00e4sentlig betydelse f\u00f6r dess arbete och som kan f\u00f6rv\u00e4ntas samarbeta v\u00e4l med \u00f6vriga ledam\u00f6ter. <em>Verksam<\/em> ledamot innehar sin stol p\u00e5 livstid, men kan avg\u00e5 n\u00e4r ledamot s\u00e5 \u00f6nskar.<\/li>\n<li><strong>ARBETSFORMER, SAMMANTR\u00c4DEN<\/strong><br \/>\nV\u00e4stra Gastronomiska Akademin skall arbeta p\u00e5 ett s\u00e4tt som ledam\u00f6terna finner lustfyllt och meningsfullt. En f\u00f6ruts\u00e4ttning f\u00f6r att arbetet skall bli framg\u00e5ngsrikt \u00e4r att allm\u00e4nheten har stort f\u00f6rtroende f\u00f6r s\u00e5v\u00e4l de enskilda ledam\u00f6ternas kompetens och goda omd\u00f6me f\u00f6r dess verksamhet.<\/li>\n<li><strong>BEL\u00d6NINGAR<\/strong><br \/>\nV\u00e4stra Gastronomiska Akademin mottar tacksamt informationer om prestationer som kan komma i fr\u00e5ga f\u00f6r uppmuntran. Beslut om bel\u00f6ningar skall kung\u00f6ras p\u00e5 det s\u00e4tt som gagnar pristagarna och V\u00e4stra Gastronomiska Akademin b\u00e4st.<\/li>\n<li><strong>EKONOMI<\/strong><br \/>\nEn viktig uppgift f\u00f6r V\u00e4stra Gastronomiska Akademin \u00e4r att inskaffa medel f\u00f6r sin bel\u00f6ningsverksamhet. Arbetet i Gastronomiska V\u00e4stra Akademin \u00e4r <em>ideellt.<\/em><\/li>\n<\/ol>\n<\/blockquote>\n","protected":false},"excerpt":{"rendered":"<p>Stadgar f\u00f6r V\u00e4stra Gastronomiska Akademin antagna vid h\u00f6gtidssammantr\u00e4det den 15 november 1995 \u00c4NDAM\u00c5L V\u00e4stra Gastronomiska Akademin f\u00f6r har till uppgift att fr\u00e4mja matkulturen i V\u00e4stra Sverige. Detta kan ske genom att framst\u00e5ende prestationer uppm\u00e4rksammas och att arrangemang inom V\u00e4stra Gastronomiska Akademins omr\u00e5de ges st\u00f6d. Vad som \u00e4r V\u00e4stra Gastronomiska Akademins intresseomr\u00e5de skall tolkas i vidstr\u00e4ckt [&hellip;]<\/p>\n","protected":false},"author":6,"featured_media":0,"parent":5,"menu_order":0,"comment_status":"closed","ping_status":"closed","template":"","meta":{"hide_page_title":"","footnotes":""},"class_list":["post-25","page","type-page","status-publish","hentry"],"_links":{"self":[{"href":"https:\/\/vgak.info\/index.php?rest_route=\/wp\/v2\/pages\/25","targetHints":{"allow":["GET"]}}],"collection":[{"href":"https:\/\/vgak.info\/index.php?rest_route=\/wp\/v2\/pages"}],"about":[{"href":"https:\/\/vgak.info\/index.php?rest_route=\/wp\/v2\/types\/page"}],"author":[{"embeddable":true,"href":"https:\/\/vgak.info\/index.php?rest_route=\/wp\/v2\/users\/6"}],"replies":[{"embeddable":true,"href":"https:\/\/vgak.info\/index.php?rest_route=%2Fwp%2Fv2%2Fcomments&post=25"}],"version-history":[{"count":2,"href":"https:\/\/vgak.info\/index.php?rest_route=\/wp\/v2\/pages\/25\/revisions"}],"predecessor-version":[{"id":27,"href":"https:\/\/vgak.info\/index.php?rest_route=\/wp\/v2\/pages\/25\/revisions\/27"}],"up":[{"embeddable":true,"href":"https:\/\/vgak.info\/index.php?rest_route=\/wp\/v2\/pages\/5"}],"wp:attachment":[{"href":"https:\/\/vgak.info\/index.php?rest_route=%2Fwp%2Fv2%2Fmedia&parent=25"}],"curies":[{"name":"wp","href":"https:\/\/api.w.org\/{rel}","templated":true}]}}