{"id":249,"date":"2009-05-10T21:16:19","date_gmt":"2009-05-10T20:16:19","guid":{"rendered":"https:\/\/vgak.info\/?page_id=249"},"modified":"2009-05-10T21:16:19","modified_gmt":"2009-05-10T20:16:19","slug":"arshogtid-2008","status":"publish","type":"page","link":"https:\/\/vgak.info\/?page_id=249","title":{"rendered":"\u00c5rsh\u00f6gtid 2008"},"content":{"rendered":"<p>Prisutdelare: Landsh\u00f6vdingen i<br \/>\nV\u00e4stra G\u00f6talands l\u00e4n, Lars B\u00e4ckstr\u00f6m<\/p>\n","protected":false},"excerpt":{"rendered":"<p>Prisutdelare: Landsh\u00f6vdingen i V\u00e4stra G\u00f6talands l\u00e4n, Lars B\u00e4ckstr\u00f6m<\/p>\n","protected":false},"author":6,"featured_media":0,"parent":10,"menu_order":38,"comment_status":"closed","ping_status":"closed","template":"","meta":{"hide_page_title":"","footnotes":""},"class_list":["post-249","page","type-page","status-publish","hentry"],"_links":{"self":[{"href":"https:\/\/vgak.info\/index.php?rest_route=\/wp\/v2\/pages\/249","targetHints":{"allow":["GET"]}}],"collection":[{"href":"https:\/\/vgak.info\/index.php?rest_route=\/wp\/v2\/pages"}],"about":[{"href":"https:\/\/vgak.info\/index.php?rest_route=\/wp\/v2\/types\/page"}],"author":[{"embeddable":true,"href":"https:\/\/vgak.info\/index.php?rest_route=\/wp\/v2\/users\/6"}],"replies":[{"embeddable":true,"href":"https:\/\/vgak.info\/index.php?rest_route=%2Fwp%2Fv2%2Fcomments&post=249"}],"version-history":[{"count":1,"href":"https:\/\/vgak.info\/index.php?rest_route=\/wp\/v2\/pages\/249\/revisions"}],"predecessor-version":[{"id":250,"href":"https:\/\/vgak.info\/index.php?rest_route=\/wp\/v2\/pages\/249\/revisions\/250"}],"up":[{"embeddable":true,"href":"https:\/\/vgak.info\/index.php?rest_route=\/wp\/v2\/pages\/10"}],"wp:attachment":[{"href":"https:\/\/vgak.info\/index.php?rest_route=%2Fwp%2Fv2%2Fmedia&parent=249"}],"curies":[{"name":"wp","href":"https:\/\/api.w.org\/{rel}","templated":true}]}}