{"id":247,"date":"2009-05-10T21:14:58","date_gmt":"2009-05-10T20:14:58","guid":{"rendered":"https:\/\/vgak.info\/?page_id=247"},"modified":"2009-05-10T21:14:58","modified_gmt":"2009-05-10T20:14:58","slug":"arshogtid-2004","status":"publish","type":"page","link":"https:\/\/vgak.info\/?page_id=247","title":{"rendered":"\u00c5rsh\u00f6gtid 2004"},"content":{"rendered":"<p>Prisutdelare: Landsh\u00f6vdingen i<br \/>\nV\u00e4stra G\u00f6talands l\u00e4n, G\u00f6te Bernhardsson<\/p>\n","protected":false},"excerpt":{"rendered":"<p>Prisutdelare: Landsh\u00f6vdingen i V\u00e4stra G\u00f6talands l\u00e4n, G\u00f6te Bernhardsson<\/p>\n","protected":false},"author":6,"featured_media":0,"parent":10,"menu_order":42,"comment_status":"closed","ping_status":"closed","template":"","meta":{"hide_page_title":"","footnotes":""},"class_list":["post-247","page","type-page","status-publish","hentry"],"_links":{"self":[{"href":"https:\/\/vgak.info\/index.php?rest_route=\/wp\/v2\/pages\/247","targetHints":{"allow":["GET"]}}],"collection":[{"href":"https:\/\/vgak.info\/index.php?rest_route=\/wp\/v2\/pages"}],"about":[{"href":"https:\/\/vgak.info\/index.php?rest_route=\/wp\/v2\/types\/page"}],"author":[{"embeddable":true,"href":"https:\/\/vgak.info\/index.php?rest_route=\/wp\/v2\/users\/6"}],"replies":[{"embeddable":true,"href":"https:\/\/vgak.info\/index.php?rest_route=%2Fwp%2Fv2%2Fcomments&post=247"}],"version-history":[{"count":1,"href":"https:\/\/vgak.info\/index.php?rest_route=\/wp\/v2\/pages\/247\/revisions"}],"predecessor-version":[{"id":248,"href":"https:\/\/vgak.info\/index.php?rest_route=\/wp\/v2\/pages\/247\/revisions\/248"}],"up":[{"embeddable":true,"href":"https:\/\/vgak.info\/index.php?rest_route=\/wp\/v2\/pages\/10"}],"wp:attachment":[{"href":"https:\/\/vgak.info\/index.php?rest_route=%2Fwp%2Fv2%2Fmedia&parent=247"}],"curies":[{"name":"wp","href":"https:\/\/api.w.org\/{rel}","templated":true}]}}