{"id":242,"date":"2009-05-10T21:13:06","date_gmt":"2009-05-10T20:13:06","guid":{"rendered":"https:\/\/vgak.info\/?page_id=242"},"modified":"2009-05-10T21:13:06","modified_gmt":"2009-05-10T20:13:06","slug":"arshogtid-2002","status":"publish","type":"page","link":"https:\/\/vgak.info\/?page_id=242","title":{"rendered":"\u00c5rsh\u00f6gtid 2002"},"content":{"rendered":"<p>Prisutdelare: Landsh\u00f6vdingen i<br \/>\nV\u00e4stra G\u00f6talands l\u00e4n, G\u00f6te Bernhardsson<\/p>\n","protected":false},"excerpt":{"rendered":"<p>Prisutdelare: Landsh\u00f6vdingen i V\u00e4stra G\u00f6talands l\u00e4n, G\u00f6te Bernhardsson<\/p>\n","protected":false},"author":6,"featured_media":0,"parent":10,"menu_order":44,"comment_status":"closed","ping_status":"closed","template":"","meta":{"hide_page_title":"","footnotes":""},"class_list":["post-242","page","type-page","status-publish","hentry"],"_links":{"self":[{"href":"https:\/\/vgak.info\/index.php?rest_route=\/wp\/v2\/pages\/242","targetHints":{"allow":["GET"]}}],"collection":[{"href":"https:\/\/vgak.info\/index.php?rest_route=\/wp\/v2\/pages"}],"about":[{"href":"https:\/\/vgak.info\/index.php?rest_route=\/wp\/v2\/types\/page"}],"author":[{"embeddable":true,"href":"https:\/\/vgak.info\/index.php?rest_route=\/wp\/v2\/users\/6"}],"replies":[{"embeddable":true,"href":"https:\/\/vgak.info\/index.php?rest_route=%2Fwp%2Fv2%2Fcomments&post=242"}],"version-history":[{"count":1,"href":"https:\/\/vgak.info\/index.php?rest_route=\/wp\/v2\/pages\/242\/revisions"}],"predecessor-version":[{"id":244,"href":"https:\/\/vgak.info\/index.php?rest_route=\/wp\/v2\/pages\/242\/revisions\/244"}],"up":[{"embeddable":true,"href":"https:\/\/vgak.info\/index.php?rest_route=\/wp\/v2\/pages\/10"}],"wp:attachment":[{"href":"https:\/\/vgak.info\/index.php?rest_route=%2Fwp%2Fv2%2Fmedia&parent=242"}],"curies":[{"name":"wp","href":"https:\/\/api.w.org\/{rel}","templated":true}]}}