{"id":239,"date":"2009-05-10T21:10:57","date_gmt":"2009-05-10T20:10:57","guid":{"rendered":"https:\/\/vgak.info\/?page_id=239"},"modified":"2009-05-10T21:10:57","modified_gmt":"2009-05-10T20:10:57","slug":"arshogtid-2001","status":"publish","type":"page","link":"https:\/\/vgak.info\/?page_id=239","title":{"rendered":"\u00c5rsh\u00f6gtid 2001"},"content":{"rendered":"<p>\u00c5rsh\u00f6gtiden flyttades fr\u00e5n h\u00f6sten 2000 till v\u00e5ren 2002 s\u00e5 \u00e5r 2001\u00a0genomf\u00f6rdes ingen\u00a0\u00e5rsh\u00f6gtid<\/p>\n","protected":false},"excerpt":{"rendered":"<p>\u00c5rsh\u00f6gtiden flyttades fr\u00e5n h\u00f6sten 2000 till v\u00e5ren 2002 s\u00e5 \u00e5r 2001\u00a0genomf\u00f6rdes ingen\u00a0\u00e5rsh\u00f6gtid<\/p>\n","protected":false},"author":6,"featured_media":0,"parent":10,"menu_order":45,"comment_status":"closed","ping_status":"closed","template":"","meta":{"hide_page_title":"","footnotes":""},"class_list":["post-239","page","type-page","status-publish","hentry"],"_links":{"self":[{"href":"https:\/\/vgak.info\/index.php?rest_route=\/wp\/v2\/pages\/239","targetHints":{"allow":["GET"]}}],"collection":[{"href":"https:\/\/vgak.info\/index.php?rest_route=\/wp\/v2\/pages"}],"about":[{"href":"https:\/\/vgak.info\/index.php?rest_route=\/wp\/v2\/types\/page"}],"author":[{"embeddable":true,"href":"https:\/\/vgak.info\/index.php?rest_route=\/wp\/v2\/users\/6"}],"replies":[{"embeddable":true,"href":"https:\/\/vgak.info\/index.php?rest_route=%2Fwp%2Fv2%2Fcomments&post=239"}],"version-history":[{"count":2,"href":"https:\/\/vgak.info\/index.php?rest_route=\/wp\/v2\/pages\/239\/revisions"}],"predecessor-version":[{"id":241,"href":"https:\/\/vgak.info\/index.php?rest_route=\/wp\/v2\/pages\/239\/revisions\/241"}],"up":[{"embeddable":true,"href":"https:\/\/vgak.info\/index.php?rest_route=\/wp\/v2\/pages\/10"}],"wp:attachment":[{"href":"https:\/\/vgak.info\/index.php?rest_route=%2Fwp%2Fv2%2Fmedia&parent=239"}],"curies":[{"name":"wp","href":"https:\/\/api.w.org\/{rel}","templated":true}]}}