{"id":235,"date":"2009-05-10T21:06:49","date_gmt":"2009-05-10T20:06:49","guid":{"rendered":"https:\/\/vgak.info\/?page_id=235"},"modified":"2009-05-10T21:08:59","modified_gmt":"2009-05-10T20:08:59","slug":"arshogtid-2000","status":"publish","type":"page","link":"https:\/\/vgak.info\/?page_id=235","title":{"rendered":"\u00c5rsh\u00f6gtid 2000"},"content":{"rendered":"<p>Prisutdelare: Landsh\u00f6vdingen i<br \/>\nV\u00e4stra G\u00f6talands l\u00e4n, G\u00f6te Bernhardsson<\/p>\n<p>\u00a0<\/p>\n<p>plats:<\/p>\n<p>L\u00e4nsresidenset i G\u00f6teborg<\/p>\n","protected":false},"excerpt":{"rendered":"<p>Prisutdelare: Landsh\u00f6vdingen i V\u00e4stra G\u00f6talands l\u00e4n, G\u00f6te Bernhardsson \u00a0 plats: L\u00e4nsresidenset i G\u00f6teborg<\/p>\n","protected":false},"author":6,"featured_media":0,"parent":10,"menu_order":46,"comment_status":"closed","ping_status":"closed","template":"","meta":{"hide_page_title":"","footnotes":""},"class_list":["post-235","page","type-page","status-publish","hentry"],"_links":{"self":[{"href":"https:\/\/vgak.info\/index.php?rest_route=\/wp\/v2\/pages\/235","targetHints":{"allow":["GET"]}}],"collection":[{"href":"https:\/\/vgak.info\/index.php?rest_route=\/wp\/v2\/pages"}],"about":[{"href":"https:\/\/vgak.info\/index.php?rest_route=\/wp\/v2\/types\/page"}],"author":[{"embeddable":true,"href":"https:\/\/vgak.info\/index.php?rest_route=\/wp\/v2\/users\/6"}],"replies":[{"embeddable":true,"href":"https:\/\/vgak.info\/index.php?rest_route=%2Fwp%2Fv2%2Fcomments&post=235"}],"version-history":[{"count":2,"href":"https:\/\/vgak.info\/index.php?rest_route=\/wp\/v2\/pages\/235\/revisions"}],"predecessor-version":[{"id":238,"href":"https:\/\/vgak.info\/index.php?rest_route=\/wp\/v2\/pages\/235\/revisions\/238"}],"up":[{"embeddable":true,"href":"https:\/\/vgak.info\/index.php?rest_route=\/wp\/v2\/pages\/10"}],"wp:attachment":[{"href":"https:\/\/vgak.info\/index.php?rest_route=%2Fwp%2Fv2%2Fmedia&parent=235"}],"curies":[{"name":"wp","href":"https:\/\/api.w.org\/{rel}","templated":true}]}}