{"id":208,"date":"2009-05-10T20:54:23","date_gmt":"2009-05-10T19:54:23","guid":{"rendered":"https:\/\/vgak.info\/?page_id=208"},"modified":"2009-05-10T20:56:29","modified_gmt":"2009-05-10T19:56:29","slug":"arshogtid-1997","status":"publish","type":"page","link":"https:\/\/vgak.info\/?page_id=208","title":{"rendered":"\u00c5rsh\u00f6gtid 1997"},"content":{"rendered":"<p>Prisutdelare:<\/p>\n<p><a href=\"http:\/\/www.n.lst.se\/\" target=\"_blank\">Landsh\u00f6vdingen i Hallands l\u00e4n Karin Starrin<\/a><\/p>\n<p>plats:<\/p>\n<p>B\u00f6rsen, G\u00f6teborg<\/p>\n<p>Chef de Cuisine:<br \/>\nLeif Mannerstr\u00f6m<\/p>\n","protected":false},"excerpt":{"rendered":"<p>Prisutdelare: Landsh\u00f6vdingen i Hallands l\u00e4n Karin Starrin plats: B\u00f6rsen, G\u00f6teborg Chef de Cuisine: Leif Mannerstr\u00f6m<\/p>\n","protected":false},"author":6,"featured_media":0,"parent":10,"menu_order":49,"comment_status":"closed","ping_status":"closed","template":"","meta":{"hide_page_title":"","footnotes":""},"class_list":["post-208","page","type-page","status-publish","hentry"],"_links":{"self":[{"href":"https:\/\/vgak.info\/index.php?rest_route=\/wp\/v2\/pages\/208","targetHints":{"allow":["GET"]}}],"collection":[{"href":"https:\/\/vgak.info\/index.php?rest_route=\/wp\/v2\/pages"}],"about":[{"href":"https:\/\/vgak.info\/index.php?rest_route=\/wp\/v2\/types\/page"}],"author":[{"embeddable":true,"href":"https:\/\/vgak.info\/index.php?rest_route=\/wp\/v2\/users\/6"}],"replies":[{"embeddable":true,"href":"https:\/\/vgak.info\/index.php?rest_route=%2Fwp%2Fv2%2Fcomments&post=208"}],"version-history":[{"count":4,"href":"https:\/\/vgak.info\/index.php?rest_route=\/wp\/v2\/pages\/208\/revisions"}],"predecessor-version":[{"id":226,"href":"https:\/\/vgak.info\/index.php?rest_route=\/wp\/v2\/pages\/208\/revisions\/226"}],"up":[{"embeddable":true,"href":"https:\/\/vgak.info\/index.php?rest_route=\/wp\/v2\/pages\/10"}],"wp:attachment":[{"href":"https:\/\/vgak.info\/index.php?rest_route=%2Fwp%2Fv2%2Fmedia&parent=208"}],"curies":[{"name":"wp","href":"https:\/\/api.w.org\/{rel}","templated":true}]}}