{"id":201,"date":"2009-05-10T20:45:37","date_gmt":"2009-05-10T19:45:37","guid":{"rendered":"https:\/\/vgak.info\/?page_id=201"},"modified":"2009-05-10T20:45:37","modified_gmt":"2009-05-10T19:45:37","slug":"arshogtid-1996","status":"publish","type":"page","link":"https:\/\/vgak.info\/?page_id=201","title":{"rendered":"\u00c5rsh\u00f6gtid 1996"},"content":{"rendered":"<p>Sj\u00f6magasinet<\/p>\n","protected":false},"excerpt":{"rendered":"<p>Sj\u00f6magasinet<\/p>\n","protected":false},"author":6,"featured_media":0,"parent":10,"menu_order":50,"comment_status":"closed","ping_status":"closed","template":"","meta":{"hide_page_title":"","footnotes":""},"class_list":["post-201","page","type-page","status-publish","hentry"],"_links":{"self":[{"href":"https:\/\/vgak.info\/index.php?rest_route=\/wp\/v2\/pages\/201","targetHints":{"allow":["GET"]}}],"collection":[{"href":"https:\/\/vgak.info\/index.php?rest_route=\/wp\/v2\/pages"}],"about":[{"href":"https:\/\/vgak.info\/index.php?rest_route=\/wp\/v2\/types\/page"}],"author":[{"embeddable":true,"href":"https:\/\/vgak.info\/index.php?rest_route=\/wp\/v2\/users\/6"}],"replies":[{"embeddable":true,"href":"https:\/\/vgak.info\/index.php?rest_route=%2Fwp%2Fv2%2Fcomments&post=201"}],"version-history":[{"count":1,"href":"https:\/\/vgak.info\/index.php?rest_route=\/wp\/v2\/pages\/201\/revisions"}],"predecessor-version":[{"id":204,"href":"https:\/\/vgak.info\/index.php?rest_route=\/wp\/v2\/pages\/201\/revisions\/204"}],"up":[{"embeddable":true,"href":"https:\/\/vgak.info\/index.php?rest_route=\/wp\/v2\/pages\/10"}],"wp:attachment":[{"href":"https:\/\/vgak.info\/index.php?rest_route=%2Fwp%2Fv2%2Fmedia&parent=201"}],"curies":[{"name":"wp","href":"https:\/\/api.w.org\/{rel}","templated":true}]}}