{"id":137,"date":"2009-03-18T21:31:42","date_gmt":"2009-03-18T20:31:42","guid":{"rendered":"https:\/\/vgak.info\/devwork\/?page_id=137"},"modified":"2009-05-10T21:38:25","modified_gmt":"2009-05-10T20:38:25","slug":"symposium-vi","status":"publish","type":"page","link":"https:\/\/vgak.info\/?page_id=137","title":{"rendered":"Symposium VI"},"content":{"rendered":"<h1>Akademins Symposium VI 2005<\/h1>\n<h2>Livsmedelss\u00e4kerhet<\/h2>\n<p>ett symposium om livsmedelss\u00e4kerhet inom livsmedelssektorn, f\u00f6r Stork\u00f6kssektorn (offentlig och privat), personalrestauranger, lokala livsmedelsproducenter, Milj\u00f6 och h\u00e4lsoskyddskontoren, stork\u00f6kskonsulter, m.fl.<br \/>\n<strong><br \/>\nUniversitetsaulan, Vasaparken, G\u00f6teborg, den 14 Oktober 2005, kl. 8-17.<br \/>\nSeminariedagen avslutas med en skaldjursbuff\u00e9 i auktionshallen fiskhamnen, organiserad av Akademins v\u00e4nf\u00f6rening.<\/strong><\/p>\n<blockquote><p>Ett worddokument om livsmedelss\u00e4kerhet finns<a href=\"..\/..\/arkiv\/smslv.doc\"><strong> H\u00c4R<\/strong><\/a> Program i pdf.format finns <a href=\"..\/..\/symp6.pdf\"><strong>H\u00c4R<\/strong><\/a><\/p><\/blockquote>\n","protected":false},"excerpt":{"rendered":"<p>Akademins Symposium VI 2005 Livsmedelss\u00e4kerhet ett symposium om livsmedelss\u00e4kerhet inom livsmedelssektorn, f\u00f6r Stork\u00f6kssektorn (offentlig och privat), personalrestauranger, lokala livsmedelsproducenter, Milj\u00f6 och h\u00e4lsoskyddskontoren, stork\u00f6kskonsulter, m.fl. Universitetsaulan, Vasaparken, G\u00f6teborg, den 14 Oktober 2005, kl. 8-17. Seminariedagen avslutas med en skaldjursbuff\u00e9 i auktionshallen fiskhamnen, organiserad av Akademins v\u00e4nf\u00f6rening. Ett worddokument om livsmedelss\u00e4kerhet finns H\u00c4R Program i pdf.format finns [&hellip;]<\/p>\n","protected":false},"author":6,"featured_media":0,"parent":14,"menu_order":4,"comment_status":"closed","ping_status":"closed","template":"","meta":{"hide_page_title":"","footnotes":""},"class_list":["post-137","page","type-page","status-publish","hentry"],"_links":{"self":[{"href":"https:\/\/vgak.info\/index.php?rest_route=\/wp\/v2\/pages\/137","targetHints":{"allow":["GET"]}}],"collection":[{"href":"https:\/\/vgak.info\/index.php?rest_route=\/wp\/v2\/pages"}],"about":[{"href":"https:\/\/vgak.info\/index.php?rest_route=\/wp\/v2\/types\/page"}],"author":[{"embeddable":true,"href":"https:\/\/vgak.info\/index.php?rest_route=\/wp\/v2\/users\/6"}],"replies":[{"embeddable":true,"href":"https:\/\/vgak.info\/index.php?rest_route=%2Fwp%2Fv2%2Fcomments&post=137"}],"version-history":[{"count":4,"href":"https:\/\/vgak.info\/index.php?rest_route=\/wp\/v2\/pages\/137\/revisions"}],"predecessor-version":[{"id":257,"href":"https:\/\/vgak.info\/index.php?rest_route=\/wp\/v2\/pages\/137\/revisions\/257"}],"up":[{"embeddable":true,"href":"https:\/\/vgak.info\/index.php?rest_route=\/wp\/v2\/pages\/14"}],"wp:attachment":[{"href":"https:\/\/vgak.info\/index.php?rest_route=%2Fwp%2Fv2%2Fmedia&parent=137"}],"curies":[{"name":"wp","href":"https:\/\/api.w.org\/{rel}","templated":true}]}}