{"id":126,"date":"2009-03-18T21:20:44","date_gmt":"2009-03-18T20:20:44","guid":{"rendered":"https:\/\/vgak.info\/devwork\/?page_id=126"},"modified":"2009-03-18T21:25:33","modified_gmt":"2009-03-18T20:25:33","slug":"akademins-pristagare-2000","status":"publish","type":"page","link":"https:\/\/vgak.info\/?page_id=126","title":{"rendered":"Pristagare 2000"},"content":{"rendered":"<h1>Akademins pristagare 2000<\/h1>\n<p>Prisutdelningen den 16 november 2000 p\u00e5 Landsh\u00f6vdingeresidenset i G\u00f6teborg av<br \/>\nLandsh\u00f6vdingen i V\u00e4stra G\u00f6talands l\u00e4n,<br \/>\nG\u00f6te Bernhardsson,<br \/>\nsamt av Akademins St\u00e4ndige sekreterare Alf Carlsson<\/p>\n<h2>Akademins Stora Pris<\/h2>\n<p><a href=\"..\/..\/falkh.html\">Falkholt&#8217;s Gestgifveri<\/a><br \/>\nCarin och Christer Falkholt, Norebyn, Dals L\u00e5nged.<\/p>\n<h2>Akademins diplom<\/h2>\n<p><a href=\"..\/..\/austad.html\">Austad G\u00e5rd<\/a><br \/>\nSutip Austad, G\u00f6ssby, Speker\u00f6d.<\/p>\n<p><a href=\"..\/..\/garstr.html\">Ferdinand Garstr\u00f6ms Konditori Eftr.<\/a><br \/>\nEvy Trulsson, Lidk\u00f6ping<\/p>\n<p><a href=\"..\/..\/sivans.html\">Sivans Osthandel<\/a><br \/>\nSivan Johansson, Tr\u00e5vad.<\/p>\n<p><a href=\"..\/..\/werners.html\">Werners Gourm\u00e9service AB<\/a><br \/>\nClaes Wernersson, Skara<\/p>\n","protected":false},"excerpt":{"rendered":"<p>Akademins pristagare 2000 Prisutdelningen den 16 november 2000 p\u00e5 Landsh\u00f6vdingeresidenset i G\u00f6teborg av Landsh\u00f6vdingen i V\u00e4stra G\u00f6talands l\u00e4n, G\u00f6te Bernhardsson, samt av Akademins St\u00e4ndige sekreterare Alf Carlsson Akademins Stora Pris Falkholt&#8217;s Gestgifveri Carin och Christer Falkholt, Norebyn, Dals L\u00e5nged. Akademins diplom Austad G\u00e5rd Sutip Austad, G\u00f6ssby, Speker\u00f6d. Ferdinand Garstr\u00f6ms Konditori Eftr. Evy Trulsson, Lidk\u00f6ping Sivans [&hellip;]<\/p>\n","protected":false},"author":6,"featured_media":0,"parent":12,"menu_order":6,"comment_status":"closed","ping_status":"closed","template":"","meta":{"hide_page_title":"","footnotes":""},"class_list":["post-126","page","type-page","status-publish","hentry"],"_links":{"self":[{"href":"https:\/\/vgak.info\/index.php?rest_route=\/wp\/v2\/pages\/126","targetHints":{"allow":["GET"]}}],"collection":[{"href":"https:\/\/vgak.info\/index.php?rest_route=\/wp\/v2\/pages"}],"about":[{"href":"https:\/\/vgak.info\/index.php?rest_route=\/wp\/v2\/types\/page"}],"author":[{"embeddable":true,"href":"https:\/\/vgak.info\/index.php?rest_route=\/wp\/v2\/users\/6"}],"replies":[{"embeddable":true,"href":"https:\/\/vgak.info\/index.php?rest_route=%2Fwp%2Fv2%2Fcomments&post=126"}],"version-history":[{"count":4,"href":"https:\/\/vgak.info\/index.php?rest_route=\/wp\/v2\/pages\/126\/revisions"}],"predecessor-version":[{"id":169,"href":"https:\/\/vgak.info\/index.php?rest_route=\/wp\/v2\/pages\/126\/revisions\/169"}],"up":[{"embeddable":true,"href":"https:\/\/vgak.info\/index.php?rest_route=\/wp\/v2\/pages\/12"}],"wp:attachment":[{"href":"https:\/\/vgak.info\/index.php?rest_route=%2Fwp%2Fv2%2Fmedia&parent=126"}],"curies":[{"name":"wp","href":"https:\/\/api.w.org\/{rel}","templated":true}]}}