{"id":123,"date":"2009-03-18T21:18:34","date_gmt":"2009-03-18T20:18:34","guid":{"rendered":"https:\/\/vgak.info\/devwork\/?page_id=123"},"modified":"2009-05-11T22:52:58","modified_gmt":"2009-05-11T21:52:58","slug":"pristagare-2002","status":"publish","type":"page","link":"https:\/\/vgak.info\/?page_id=123","title":{"rendered":"Pristagare 2002"},"content":{"rendered":"<h1>Akademins pristagare 2002<\/h1>\n<p>Prisutdelningen den 23 maj 2002 p\u00e5 Landsh\u00f6vdingeresidenset i G\u00f6teborg av Landsh\u00f6vdingen i V\u00e4stra G\u00f6talands l\u00e4n, G\u00f6te Bernhardsson, samt av Akademins Preses Solveig Bj\u00f6rcke<\/p>\n<p><img loading=\"lazy\" decoding=\"async\" class=\"alignnone size-full wp-image-288\" title=\"pristag02\" src=\"https:\/\/vgak.info\/wp-content\/uploads\/2009\/03\/pristag02.jpg\" alt=\"pristag02\" width=\"397\" height=\"243\" srcset=\"https:\/\/vgak.info\/wp-content\/uploads\/2009\/03\/pristag02.jpg 397w, https:\/\/vgak.info\/wp-content\/uploads\/2009\/03\/pristag02-300x183.jpg 300w\" sizes=\"auto, (max-width: 397px) 100vw, 397px\" \/><\/p>\n<h2>Akademins Stora Pris<\/h2>\n<p><strong><a href=\"..\/..\/angela.html\">Angela Steinbrenner<\/a><br \/>\n<\/strong> <a href=\"http:\/\/www.steinbrenner-nyberg.se\/\">Steinbrenner &amp; Nyberg Chocolatier<\/a><\/p>\n<p>Pris: Att vara domare vid <a href=\"http:\/\/www.pastrychampionship.com\/\" target=\"_blank\">2002 World Pastry Team Championship<\/a> 5-6 juli 2002 i Las Vegas, Nevada.<\/p>\n<h2>Akademins diplom:<\/h2>\n<p><strong>Sabine och Ralf Tebaay<\/strong> <a href=\"http:\/\/hem.passagen.se\/gudmundsgarden\">Gudmundsg\u00e5rden, Asige<\/a><\/p>\n<p><strong>Wapn\u00f6 g\u00e5rdsmejeri<\/strong>, Halmstad. <a href=\"http:\/\/www.wapno.se\/\">Wapn\u00f6 G\u00e5rd<\/a><\/p>\n<p><strong>Marika och Simon Irvine<\/strong>, <a href=\"http:\/\/www.gunneboslott.se\/tradgard_lantgard\/tra_lan1.htm\">Gunnebo slott<\/a><\/p>\n<p><strong>V\u00e4stsvensk mersmak projektet<\/strong> vid V\u00e4stsvenska turistr\u00e5det,   <a href=\"http:\/\/www.vastsvenskmersmak.nu\/\"> Projektets hemsida, Ansvarig Marie Linde.<\/a><\/p>\n<p><strong>Sture Nilsson<\/strong>, Askim, <a href=\"..\/..\/sture.html\">Br\u00f6dhuset<\/a><\/p>\n","protected":false},"excerpt":{"rendered":"<p>Akademins pristagare 2002 Prisutdelningen den 23 maj 2002 p\u00e5 Landsh\u00f6vdingeresidenset i G\u00f6teborg av Landsh\u00f6vdingen i V\u00e4stra G\u00f6talands l\u00e4n, G\u00f6te Bernhardsson, samt av Akademins Preses Solveig Bj\u00f6rcke Akademins Stora Pris Angela Steinbrenner Steinbrenner &amp; Nyberg Chocolatier Pris: Att vara domare vid 2002 World Pastry Team Championship 5-6 juli 2002 i Las Vegas, Nevada. Akademins diplom: Sabine [&hellip;]<\/p>\n","protected":false},"author":6,"featured_media":0,"parent":12,"menu_order":5,"comment_status":"closed","ping_status":"closed","template":"","meta":{"hide_page_title":"","footnotes":""},"class_list":["post-123","page","type-page","status-publish","hentry"],"_links":{"self":[{"href":"https:\/\/vgak.info\/index.php?rest_route=\/wp\/v2\/pages\/123","targetHints":{"allow":["GET"]}}],"collection":[{"href":"https:\/\/vgak.info\/index.php?rest_route=\/wp\/v2\/pages"}],"about":[{"href":"https:\/\/vgak.info\/index.php?rest_route=\/wp\/v2\/types\/page"}],"author":[{"embeddable":true,"href":"https:\/\/vgak.info\/index.php?rest_route=\/wp\/v2\/users\/6"}],"replies":[{"embeddable":true,"href":"https:\/\/vgak.info\/index.php?rest_route=%2Fwp%2Fv2%2Fcomments&post=123"}],"version-history":[{"count":4,"href":"https:\/\/vgak.info\/index.php?rest_route=\/wp\/v2\/pages\/123\/revisions"}],"predecessor-version":[{"id":289,"href":"https:\/\/vgak.info\/index.php?rest_route=\/wp\/v2\/pages\/123\/revisions\/289"}],"up":[{"embeddable":true,"href":"https:\/\/vgak.info\/index.php?rest_route=\/wp\/v2\/pages\/12"}],"wp:attachment":[{"href":"https:\/\/vgak.info\/index.php?rest_route=%2Fwp%2Fv2%2Fmedia&parent=123"}],"curies":[{"name":"wp","href":"https:\/\/api.w.org\/{rel}","templated":true}]}}