{"id":121,"date":"2009-03-18T21:16:38","date_gmt":"2009-03-18T20:16:38","guid":{"rendered":"https:\/\/vgak.info\/devwork\/?page_id=121"},"modified":"2009-05-10T20:03:19","modified_gmt":"2009-05-10T19:03:19","slug":"pristagare-2003","status":"publish","type":"page","link":"https:\/\/vgak.info\/?page_id=121","title":{"rendered":"Pristagare 2003"},"content":{"rendered":"<p>Prisutdelning sker den 22 maj 2003 p\u00e5 Landsh\u00f6vdingeresidenset i G\u00f6teborg av Landsh\u00f6vdingen i V\u00e4stra G\u00f6talands l\u00e4n, G\u00f6te Bernhardsson, samt av Akademins Preses Solveig Bj\u00f6rcke<\/p>\n<p>\u00a0<\/p>\n<h3>Akademins Stora Pris 2003:<\/h3>\n<p><strong><a href=\"https:\/\/vgak.info\/wp-admin\/stefank.html\">Stefan Karlsson<\/a><br \/>\n<\/strong><a href=\"http:\/\/www.fond.se\/\" target=\"_blank\">Restaurang Fond, G\u00f6teborg<\/a><\/p>\n<p>Akademins diplom:<\/p>\n<p><strong>Kostkonsulent Margareta Frost Johansson, Hush\u00e5llningss\u00e4llskapet V\u00e4st<\/strong><\/p>\n<p><strong><a href=\"https:\/\/vgak.info\/wp-admin\/kling.htm\" target=\"H\">Kling Glace,<\/a> H\u00e5kan Gustavsson<\/strong>, Mariestad,. <a href=\"http:\/\/www.klingglace.se\/\" target=\"_blank\">Kling Glace<\/a><\/p>\n<p><strong><a href=\"https:\/\/vgak.info\/wp-admin\/herrgarn.htm\" target=\"H\">Linn Andersson<\/a><\/strong>, <a href=\"http:\/\/www.herrgarns.com\/\" target=\"_blank\">Herrg\u00e5rn AB i Stenstorp<\/a><\/p>\n","protected":false},"excerpt":{"rendered":"<p>Prisutdelning sker den 22 maj 2003 p\u00e5 Landsh\u00f6vdingeresidenset i G\u00f6teborg av Landsh\u00f6vdingen i V\u00e4stra G\u00f6talands l\u00e4n, G\u00f6te Bernhardsson, samt av Akademins Preses Solveig Bj\u00f6rcke \u00a0 Akademins Stora Pris 2003: Stefan Karlsson Restaurang Fond, G\u00f6teborg Akademins diplom: Kostkonsulent Margareta Frost Johansson, Hush\u00e5llningss\u00e4llskapet V\u00e4st Kling Glace, H\u00e5kan Gustavsson, Mariestad,. Kling Glace Linn Andersson, Herrg\u00e5rn AB i Stenstorp<\/p>\n","protected":false},"author":6,"featured_media":0,"parent":12,"menu_order":4,"comment_status":"closed","ping_status":"closed","template":"","meta":{"hide_page_title":"","footnotes":""},"class_list":["post-121","page","type-page","status-publish","hentry"],"_links":{"self":[{"href":"https:\/\/vgak.info\/index.php?rest_route=\/wp\/v2\/pages\/121","targetHints":{"allow":["GET"]}}],"collection":[{"href":"https:\/\/vgak.info\/index.php?rest_route=\/wp\/v2\/pages"}],"about":[{"href":"https:\/\/vgak.info\/index.php?rest_route=\/wp\/v2\/types\/page"}],"author":[{"embeddable":true,"href":"https:\/\/vgak.info\/index.php?rest_route=\/wp\/v2\/users\/6"}],"replies":[{"embeddable":true,"href":"https:\/\/vgak.info\/index.php?rest_route=%2Fwp%2Fv2%2Fcomments&post=121"}],"version-history":[{"count":6,"href":"https:\/\/vgak.info\/index.php?rest_route=\/wp\/v2\/pages\/121\/revisions"}],"predecessor-version":[{"id":173,"href":"https:\/\/vgak.info\/index.php?rest_route=\/wp\/v2\/pages\/121\/revisions\/173"}],"up":[{"embeddable":true,"href":"https:\/\/vgak.info\/index.php?rest_route=\/wp\/v2\/pages\/12"}],"wp:attachment":[{"href":"https:\/\/vgak.info\/index.php?rest_route=%2Fwp%2Fv2%2Fmedia&parent=121"}],"curies":[{"name":"wp","href":"https:\/\/api.w.org\/{rel}","templated":true}]}}