{"id":12,"date":"2009-03-13T14:47:17","date_gmt":"2009-03-13T13:47:17","guid":{"rendered":"https:\/\/vgak.info\/devwork\/?page_id=12"},"modified":"2009-03-18T21:27:54","modified_gmt":"2009-03-18T20:27:54","slug":"pristagare","status":"publish","type":"page","link":"https:\/\/vgak.info\/?page_id=12","title":{"rendered":"Pristagare"},"content":{"rendered":"<h2>Akademins Pristagare<\/h2>\n<p>Som tecken p\u00e5 erk\u00e4nnande delar V\u00e4stra Akademin ut diplom. I samband d\u00e4rmed sprids k\u00e4nnedom om prestationen till kolleger och allm\u00e4nhet genom f\u00f6redrag och demonstrationer samt via media.<\/p>\n","protected":false},"excerpt":{"rendered":"<p>Akademins Pristagare Som tecken p\u00e5 erk\u00e4nnande delar V\u00e4stra Akademin ut diplom. I samband d\u00e4rmed sprids k\u00e4nnedom om prestationen till kolleger och allm\u00e4nhet genom f\u00f6redrag och demonstrationer samt via media.<\/p>\n","protected":false},"author":6,"featured_media":0,"parent":0,"menu_order":0,"comment_status":"closed","ping_status":"closed","template":"","meta":{"hide_page_title":"","footnotes":""},"class_list":["post-12","page","type-page","status-publish","hentry"],"_links":{"self":[{"href":"https:\/\/vgak.info\/index.php?rest_route=\/wp\/v2\/pages\/12","targetHints":{"allow":["GET"]}}],"collection":[{"href":"https:\/\/vgak.info\/index.php?rest_route=\/wp\/v2\/pages"}],"about":[{"href":"https:\/\/vgak.info\/index.php?rest_route=\/wp\/v2\/types\/page"}],"author":[{"embeddable":true,"href":"https:\/\/vgak.info\/index.php?rest_route=\/wp\/v2\/users\/6"}],"replies":[{"embeddable":true,"href":"https:\/\/vgak.info\/index.php?rest_route=%2Fwp%2Fv2%2Fcomments&post=12"}],"version-history":[{"count":4,"href":"https:\/\/vgak.info\/index.php?rest_route=\/wp\/v2\/pages\/12\/revisions"}],"predecessor-version":[{"id":136,"href":"https:\/\/vgak.info\/index.php?rest_route=\/wp\/v2\/pages\/12\/revisions\/136"}],"wp:attachment":[{"href":"https:\/\/vgak.info\/index.php?rest_route=%2Fwp%2Fv2%2Fmedia&parent=12"}],"curies":[{"name":"wp","href":"https:\/\/api.w.org\/{rel}","templated":true}]}}