{"id":116,"date":"2009-03-18T20:30:54","date_gmt":"2009-03-18T19:30:54","guid":{"rendered":"https:\/\/vgak.info\/devwork\/?page_id=116"},"modified":"2009-05-13T12:56:02","modified_gmt":"2009-05-13T11:56:02","slug":"pristagare-2004","status":"publish","type":"page","link":"https:\/\/vgak.info\/?page_id=116","title":{"rendered":"Pristagare 2004"},"content":{"rendered":"<h1>Akademins pristagare 2004<\/h1>\n<p>Prisutdelning den 27 maj 2004 p\u00e5 Landsh\u00f6vdingeresidenset i G\u00f6teborg av Landsh\u00f6vdingen i V\u00e4stra G\u00f6talands l\u00e4n, G\u00f6te Bernhardsson, samt av Akademins Preses Solveig Bj\u00f6rcke<\/p>\n<p><img loading=\"lazy\" decoding=\"async\" class=\"alignnone size-full wp-image-285\" title=\"prist04\" src=\"https:\/\/vgak.info\/wp-content\/uploads\/2009\/03\/prist04.jpg\" alt=\"prist04\" width=\"443\" height=\"292\" srcset=\"https:\/\/vgak.info\/wp-content\/uploads\/2009\/03\/prist04.jpg 443w, https:\/\/vgak.info\/wp-content\/uploads\/2009\/03\/prist04-300x197.jpg 300w\" sizes=\"auto, (max-width: 443px) 100vw, 443px\" \/><\/p>\n<h2>Akademins Stora Pris<\/h2>\n<p>Resestipendiet<br \/>\nDet Goda M\u00e5let:<\/p>\n<p>Marie Ellison, Carin \u00c5str\u00f6m, Lotta Haraldsson, Fredrik Adolfsson<br \/>\nRestaurang Lyckan, Nordlyckeskolan, Torslanda.<br \/>\nNordlyckeskolan<\/p>\n<h2>Akademins Pris<\/h2>\n<p>Elisabeth Andersson<br \/>\nP\u00e5ver\u00e5s G\u00e5rdsmejeri<\/p>\n<p>Pris: Resa till Frankrike<\/p>\n<h2>Akademins diplom:<\/h2>\n<p>Lars och Monica Renstr\u00f6m<br \/>\nBitterna Lamm<\/p>\n<p>Birgitta Kullgren<br \/>\nBj\u00f6rneruds g\u00e5rd, Fr\u00e4ndefors<\/p>\n<p>Br Magnussons K\u00f6tt och chark<br \/>\nBr\u00f6derna Magnussons Lantbruks AB, G\u00f6sta Magnusson<\/p>\n<p>Vicki och Nils Ekwall<br \/>\nTIRAHOLMS FISK, Unnaryd.<\/p>\n","protected":false},"excerpt":{"rendered":"<p>Akademins pristagare 2004 Prisutdelning den 27 maj 2004 p\u00e5 Landsh\u00f6vdingeresidenset i G\u00f6teborg av Landsh\u00f6vdingen i V\u00e4stra G\u00f6talands l\u00e4n, G\u00f6te Bernhardsson, samt av Akademins Preses Solveig Bj\u00f6rcke Akademins Stora Pris Resestipendiet Det Goda M\u00e5let: Marie Ellison, Carin \u00c5str\u00f6m, Lotta Haraldsson, Fredrik Adolfsson Restaurang Lyckan, Nordlyckeskolan, Torslanda. Nordlyckeskolan Akademins Pris Elisabeth Andersson P\u00e5ver\u00e5s G\u00e5rdsmejeri Pris: Resa till [&hellip;]<\/p>\n","protected":false},"author":6,"featured_media":0,"parent":12,"menu_order":3,"comment_status":"closed","ping_status":"closed","template":"","meta":{"hide_page_title":"","footnotes":""},"class_list":["post-116","page","type-page","status-publish","hentry"],"_links":{"self":[{"href":"https:\/\/vgak.info\/index.php?rest_route=\/wp\/v2\/pages\/116","targetHints":{"allow":["GET"]}}],"collection":[{"href":"https:\/\/vgak.info\/index.php?rest_route=\/wp\/v2\/pages"}],"about":[{"href":"https:\/\/vgak.info\/index.php?rest_route=\/wp\/v2\/types\/page"}],"author":[{"embeddable":true,"href":"https:\/\/vgak.info\/index.php?rest_route=\/wp\/v2\/users\/6"}],"replies":[{"embeddable":true,"href":"https:\/\/vgak.info\/index.php?rest_route=%2Fwp%2Fv2%2Fcomments&post=116"}],"version-history":[{"count":6,"href":"https:\/\/vgak.info\/index.php?rest_route=\/wp\/v2\/pages\/116\/revisions"}],"predecessor-version":[{"id":286,"href":"https:\/\/vgak.info\/index.php?rest_route=\/wp\/v2\/pages\/116\/revisions\/286"}],"up":[{"embeddable":true,"href":"https:\/\/vgak.info\/index.php?rest_route=\/wp\/v2\/pages\/12"}],"wp:attachment":[{"href":"https:\/\/vgak.info\/index.php?rest_route=%2Fwp%2Fv2%2Fmedia&parent=116"}],"curies":[{"name":"wp","href":"https:\/\/api.w.org\/{rel}","templated":true}]}}