{"id":112,"date":"2009-03-18T20:21:32","date_gmt":"2009-03-18T19:21:32","guid":{"rendered":"https:\/\/vgak.info\/devwork\/?page_id=112"},"modified":"2009-03-18T20:27:51","modified_gmt":"2009-03-18T19:27:51","slug":"pristagare-2005","status":"publish","type":"page","link":"https:\/\/vgak.info\/?page_id=112","title":{"rendered":"Pristagare 2005"},"content":{"rendered":"<h1>Akademins pristagare 2005<\/h1>\n<p>Prisutdelning sker den 26 maj 2005 i L\u00e4nsstyrelsens h\u00f6rsal<br \/>\nStora Badhusgatan 2, Kl 17.00 &#8211; 19.00.<br \/>\nPrisutdelningen av Landsh\u00f6vdingen i V\u00e4stra G\u00f6talands l\u00e4n, G\u00f6te Bernhardsson, samt av Akademins Preses Birgitta Rasmusson \u00e4r \u00f6ppen och gratis f\u00f6r alla som vill \u00f6vervara den. Ingen f\u00f6ranm\u00e4lan beh\u00f6vs.<br \/>\nPrisutdelningen avslutas med middag p\u00e5 Landsh\u00f6vdingeresidenset i G\u00f6teborg f\u00f6r pristagare och inbjudna.<\/p>\n<h2>Akademins Stora Pris<\/h2>\n<p>Leif Pagrotsky<\/p>\n<p>Pris: Diplom och Kokbok &#8221;Den Svenske Kocken&#8221; med tillbeh\u00f6r<\/p>\n<h2>Akademins Pris<\/h2>\n<p>Utbildningsstipendiet<br \/>\nDet Goda M\u00e5let:<\/p>\n<p>Kennet Lundahl, Simon M\u00e5llberg, Per S\u00e4nd, Kenneth Jagetun (rektor)<br \/>\nSkolrestaurangen, Engelbrektsskolan, Bor\u00e5s.<br \/>\nEngelbrektskolan<\/p>\n<p>Pris: resa till f\u00f6r-OS i matlagning november 2006 i Luxenburg..<\/p>\n<h2>Akademins diplom<\/h2>\n<p>Gunvor Fr\u00f6berg, Alings\u00e5s<br \/>\nINstitutionen f\u00f6r Hush\u00e5llsvetenskap vid G\u00f6teborgs universitet.<\/p>\n<p>Kerstin Johansson,<br \/>\nNordg\u00e5rden, Kn\u00e4tte, Ulricehamn<\/p>\n<p>Ilona Miglavs och Thorsten Larsson<br \/>\nIlona Miglavs<\/p>\n<p>Karin Jochnick Sandell, Peter Drotz, Hans Bergsten.<br \/>\nDalslandsmat.<br \/>\nSjuh\u00e4radsmat.<br \/>\nMat i Halland.<\/p>\n<p>Magnus Neuendorf<br \/>\nG\u00f6teborgs Botaniska Tr\u00e4dg\u00e5rd.<\/p>\n<p>Tomas Tengby<br \/>\nTengby.<\/p>\n","protected":false},"excerpt":{"rendered":"<p>Akademins pristagare 2005 Prisutdelning sker den 26 maj 2005 i L\u00e4nsstyrelsens h\u00f6rsal Stora Badhusgatan 2, Kl 17.00 &#8211; 19.00. Prisutdelningen av Landsh\u00f6vdingen i V\u00e4stra G\u00f6talands l\u00e4n, G\u00f6te Bernhardsson, samt av Akademins Preses Birgitta Rasmusson \u00e4r \u00f6ppen och gratis f\u00f6r alla som vill \u00f6vervara den. Ingen f\u00f6ranm\u00e4lan beh\u00f6vs. Prisutdelningen avslutas med middag p\u00e5 Landsh\u00f6vdingeresidenset i G\u00f6teborg [&hellip;]<\/p>\n","protected":false},"author":6,"featured_media":0,"parent":12,"menu_order":2,"comment_status":"closed","ping_status":"closed","template":"","meta":{"hide_page_title":"","footnotes":""},"class_list":["post-112","page","type-page","status-publish","hentry"],"_links":{"self":[{"href":"https:\/\/vgak.info\/index.php?rest_route=\/wp\/v2\/pages\/112","targetHints":{"allow":["GET"]}}],"collection":[{"href":"https:\/\/vgak.info\/index.php?rest_route=\/wp\/v2\/pages"}],"about":[{"href":"https:\/\/vgak.info\/index.php?rest_route=\/wp\/v2\/types\/page"}],"author":[{"embeddable":true,"href":"https:\/\/vgak.info\/index.php?rest_route=\/wp\/v2\/users\/6"}],"replies":[{"embeddable":true,"href":"https:\/\/vgak.info\/index.php?rest_route=%2Fwp%2Fv2%2Fcomments&post=112"}],"version-history":[{"count":3,"href":"https:\/\/vgak.info\/index.php?rest_route=\/wp\/v2\/pages\/112\/revisions"}],"predecessor-version":[{"id":114,"href":"https:\/\/vgak.info\/index.php?rest_route=\/wp\/v2\/pages\/112\/revisions\/114"}],"up":[{"embeddable":true,"href":"https:\/\/vgak.info\/index.php?rest_route=\/wp\/v2\/pages\/12"}],"wp:attachment":[{"href":"https:\/\/vgak.info\/index.php?rest_route=%2Fwp%2Fv2%2Fmedia&parent=112"}],"curies":[{"name":"wp","href":"https:\/\/api.w.org\/{rel}","templated":true}]}}