{"id":10,"date":"2009-03-13T14:46:57","date_gmt":"2009-03-13T13:46:57","guid":{"rendered":"https:\/\/vgak.info\/devwork\/?page_id=10"},"modified":"2010-05-17T21:05:51","modified_gmt":"2010-05-17T20:05:51","slug":"arshogtider","status":"publish","type":"page","link":"https:\/\/vgak.info\/?page_id=10","title":{"rendered":"\u00c5rsh\u00f6gtider"},"content":{"rendered":"<p><img loading=\"lazy\" decoding=\"async\" class=\"alignnone size-full wp-image-425\" title=\"IMG_2815\" src=\"https:\/\/vgak.info\/wp-content\/uploads\/2009\/03\/IMG_2815.jpg\" alt=\"\" width=\"484\" height=\"323\" srcset=\"https:\/\/vgak.info\/wp-content\/uploads\/2009\/03\/IMG_2815.jpg 484w, https:\/\/vgak.info\/wp-content\/uploads\/2009\/03\/IMG_2815-300x200.jpg 300w\" sizes=\"auto, (max-width: 484px) 100vw, 484px\" \/><\/p>\n<ul>\n<li><a title=\"\u00c5rsh\u00f6gtid 2010\" href=\"..\/?page_id=407\">\u00c5rsh\u00f6gtid  2010<\/a><\/li>\n<li><a title=\"\u00c5rsh\u00f6gtid 2009\" href=\"..\/?page_id=251\">\u00c5rsh\u00f6gtid  2009<\/a><\/li>\n<li><a title=\"\u00c5rsh\u00f6gtid 2008\" href=\"..\/?page_id=249\">\u00c5rsh\u00f6gtid  2008<\/a><\/li>\n<li><a title=\"\u00e5rsh\u00f6gtid 2007\" href=\"..\/?page_id=56\">\u00e5rsh\u00f6gtid  2007<\/a><\/li>\n<li><a title=\"\u00c5rsh\u00f6gtid 2006\" href=\"..\/?page_id=59\">\u00c5rsh\u00f6gtid  2006<\/a><\/li>\n<li><a title=\"\u00c5rsh\u00f6gtid 2005\" href=\"..\/?page_id=60\">\u00c5rsh\u00f6gtid  2005<\/a><\/li>\n<li><a title=\"\u00c5rsh\u00f6gtid 2004\" href=\"..\/?page_id=247\">\u00c5rsh\u00f6gtid  2004<\/a><\/li>\n<li><a title=\"\u00c5rsh\u00f6gtid 2003\" href=\"..\/?page_id=245\">\u00c5rsh\u00f6gtid  2003<\/a><\/li>\n<li><a title=\"\u00c5rsh\u00f6gtid 2002\" href=\"..\/?page_id=242\">\u00c5rsh\u00f6gtid  2002<\/a><\/li>\n<li><a title=\"\u00c5rsh\u00f6gtid 2001\" href=\"..\/?page_id=239\">\u00c5rsh\u00f6gtid  2001<\/a><\/li>\n<li><a title=\"\u00c5rsh\u00f6gtid 2000\" href=\"..\/?page_id=235\">\u00c5rsh\u00f6gtid  2000<\/a><\/li>\n<li><a title=\"\u00c5rsh\u00f6gtid 1999\" href=\"..\/?page_id=231\">\u00c5rsh\u00f6gtid  1999<\/a><\/li>\n<li><a title=\"\u00c5rsh\u00f6gtid 1998\" href=\"..\/?page_id=228\">\u00c5rsh\u00f6gtid  1998<\/a><\/li>\n<li><a title=\"\u00c5rsh\u00f6gtid 1997\" href=\"..\/?page_id=208\">\u00c5rsh\u00f6gtid  1997<\/a><\/li>\n<li><a title=\"\u00c5rsh\u00f6gtid 1996\" href=\"..\/?page_id=201\">\u00c5rsh\u00f6gtid  1996<\/a><\/li>\n<\/ul>\n","protected":false},"excerpt":{"rendered":"<p>\u00c5rsh\u00f6gtid 2010 \u00c5rsh\u00f6gtid 2009 \u00c5rsh\u00f6gtid 2008 \u00e5rsh\u00f6gtid 2007 \u00c5rsh\u00f6gtid 2006 \u00c5rsh\u00f6gtid 2005 \u00c5rsh\u00f6gtid 2004 \u00c5rsh\u00f6gtid 2003 \u00c5rsh\u00f6gtid 2002 \u00c5rsh\u00f6gtid 2001 \u00c5rsh\u00f6gtid 2000 \u00c5rsh\u00f6gtid 1999 \u00c5rsh\u00f6gtid 1998 \u00c5rsh\u00f6gtid 1997 \u00c5rsh\u00f6gtid 1996<\/p>\n","protected":false},"author":6,"featured_media":0,"parent":0,"menu_order":0,"comment_status":"closed","ping_status":"closed","template":"","meta":{"hide_page_title":"","footnotes":""},"class_list":["post-10","page","type-page","status-publish","hentry"],"_links":{"self":[{"href":"https:\/\/vgak.info\/index.php?rest_route=\/wp\/v2\/pages\/10","targetHints":{"allow":["GET"]}}],"collection":[{"href":"https:\/\/vgak.info\/index.php?rest_route=\/wp\/v2\/pages"}],"about":[{"href":"https:\/\/vgak.info\/index.php?rest_route=\/wp\/v2\/types\/page"}],"author":[{"embeddable":true,"href":"https:\/\/vgak.info\/index.php?rest_route=\/wp\/v2\/users\/6"}],"replies":[{"embeddable":true,"href":"https:\/\/vgak.info\/index.php?rest_route=%2Fwp%2Fv2%2Fcomments&post=10"}],"version-history":[{"count":6,"href":"https:\/\/vgak.info\/index.php?rest_route=\/wp\/v2\/pages\/10\/revisions"}],"predecessor-version":[{"id":427,"href":"https:\/\/vgak.info\/index.php?rest_route=\/wp\/v2\/pages\/10\/revisions\/427"}],"wp:attachment":[{"href":"https:\/\/vgak.info\/index.php?rest_route=%2Fwp%2Fv2%2Fmedia&parent=10"}],"curies":[{"name":"wp","href":"https:\/\/api.w.org\/{rel}","templated":true}]}}